{"id":82,"date":"2012-11-13T16:53:34","date_gmt":"2012-11-13T14:53:34","guid":{"rendered":"http:\/\/www.bcanto.com\/wp\/?page_id=82"},"modified":"2023-11-02T15:03:28","modified_gmt":"2023-11-02T13:03:28","slug":"recensioner","status":"publish","type":"page","link":"https:\/\/www.bcanto.com\/wp\/?page_id=82","title":{"rendered":"Recensioner"},"content":{"rendered":"<p>(\u00e4n s\u00e5 l\u00e4nge blandat och r\u00e4tt s\u00e5 glest &#8211; jag hoppas kunna komplettera i n\u00e5got sammanhang. Men det tar s\u00e5n tid)<\/p>\n","protected":false},"excerpt":{"rendered":"<p>(\u00e4n s\u00e5 l\u00e4nge blandat och r\u00e4tt s\u00e5 glest &#8211; jag hoppas kunna komplettera i n\u00e5got sammanhang. Men det tar s\u00e5n tid)<\/p>\n","protected":false},"author":1,"featured_media":1414,"parent":77,"menu_order":0,"comment_status":"closed","ping_status":"closed","template":"","meta":{"content-type":"","footnotes":""},"class_list":["post-82","page","type-page","status-publish","has-post-thumbnail","hentry"],"jetpack_sharing_enabled":false,"jetpack_shortlink":"https:\/\/wp.me\/P2SXDM-1k","jetpack_likes_enabled":true,"_links":{"self":[{"href":"https:\/\/www.bcanto.com\/wp\/index.php?rest_route=\/wp\/v2\/pages\/82","targetHints":{"allow":["GET"]}}],"collection":[{"href":"https:\/\/www.bcanto.com\/wp\/index.php?rest_route=\/wp\/v2\/pages"}],"about":[{"href":"https:\/\/www.bcanto.com\/wp\/index.php?rest_route=\/wp\/v2\/types\/page"}],"author":[{"embeddable":true,"href":"https:\/\/www.bcanto.com\/wp\/index.php?rest_route=\/wp\/v2\/users\/1"}],"replies":[{"embeddable":true,"href":"https:\/\/www.bcanto.com\/wp\/index.php?rest_route=%2Fwp%2Fv2%2Fcomments&post=82"}],"version-history":[{"count":7,"href":"https:\/\/www.bcanto.com\/wp\/index.php?rest_route=\/wp\/v2\/pages\/82\/revisions"}],"predecessor-version":[{"id":1554,"href":"https:\/\/www.bcanto.com\/wp\/index.php?rest_route=\/wp\/v2\/pages\/82\/revisions\/1554"}],"up":[{"embeddable":true,"href":"https:\/\/www.bcanto.com\/wp\/index.php?rest_route=\/wp\/v2\/pages\/77"}],"wp:featuredmedia":[{"embeddable":true,"href":"https:\/\/www.bcanto.com\/wp\/index.php?rest_route=\/wp\/v2\/media\/1414"}],"wp:attachment":[{"href":"https:\/\/www.bcanto.com\/wp\/index.php?rest_route=%2Fwp%2Fv2%2Fmedia&parent=82"}],"curies":[{"name":"wp","href":"https:\/\/api.w.org\/{rel}","templated":true}]}}