{"id":8,"date":"2012-11-10T18:50:32","date_gmt":"2012-11-10T17:50:32","guid":{"rendered":"http:\/\/www.bcanto.com\/wp\/?page_id=8"},"modified":"2024-09-17T22:27:46","modified_gmt":"2024-09-17T19:27:46","slug":"english","status":"publish","type":"page","link":"https:\/\/www.bcanto.com\/wp\/?page_id=8","title":{"rendered":"Bel Canto \u2013 English"},"content":{"rendered":"\n<h1 class=\"wp-block-heading has-text-align-center\">Kammark\u00f6ren Bel Canto<\/h1>\n\n\n\n<p>Kammark\u00f6ren Bel Canto is a chamber choir from Jakobstad, Finland, and was founded by Dan L\u00f6nnqvist in 1989. The choir has performed at almost 180 concerts with an extensive repertoire. Examples of project-based productions are Franz Schubert&#8217;s <em>Mass in G major<\/em>, Gioacchini Rossini&#8217;s <em>Messe Solennelle<\/em>, Anton Dvorak&#8217;s <em>Mass in D major<\/em>, Felix Mendelssohn&#8217;s <em>Lobgesangsymfoni<\/em>, Johann Sebastian Bach&#8217;s <em>Motets<\/em>, the <em>Matthew Passion<\/em> and the <em>Christmas Oratorio<\/em>, Carl Orff&#8217;s <em>Carmina Burana<\/em>, Wolfgang Amadeus Mozart&#8217;s <em>Requiem<\/em>, and Johannes Brahms&#8217; <em>Ein deutsches Requiem<\/em>.<br><br>Kammark\u00f6ren Bel Canto, with around 30 singers, operates within Jakobstads svenska arbetarinstitut (Jakobstad&#8217;s Swedish Workers&#8217; Institute). The choir has performed mainly in Jakobstad and its surroundings, but has also done concert tours around the Nordic countries, the Baltics and other parts of Europe (including Ukraine, Luxembourg, Switzerland and Italy). Bel Canto has collaborated with e.g. Jakobstads Sinfonietta, Ostrobothnian Chamber Orchestra and Cracow Percussion Group, as well as on a project basis with other choirs in Jakobstad.<br><br>Bel Canto mainly works with a cappella singing. Many well-known soloists have been the choir&#8217;s guests, especially at the traditional Christmas concerts in Peders\u00f6re church in Jakobstad. In July 2005, the choir won third place in the Llangollen International Musical Eisteddfod in Wales. Marguerithe Sandstedt-Granvik is Bel Canto&#8217;s vocal coach and since the autumn of 2024 Susanne Westerlund functions as conductor.<\/p>\n\n\n\n<p class=\"has-white-color has-text-color\">.<\/p>\n\n\n\n<p class=\"has-white-color has-text-color\">.<\/p>\n\n\n\n<div class=\"wp-block-jetpack-slideshow aligncenter\" data-autoplay=\"true\" data-delay=\"5\" data-effect=\"slide\"><div class=\"wp-block-jetpack-slideshow_container swiper-container\"><ul class=\"wp-block-jetpack-slideshow_swiper-wrapper swiper-wrapper\"><li class=\"wp-block-jetpack-slideshow_slide swiper-slide\"><figure><img loading=\"lazy\" decoding=\"async\" width=\"1024\" height=\"683\" alt=\"\" class=\"wp-block-jetpack-slideshow_image wp-image-1249\" data-id=\"1249\" src=\"http:\/\/www.bcanto.com\/wp\/wp-content\/uploads\/2022\/09\/Bel-Canto-2022-1-forminskad-1024x683.jpg\" srcset=\"https:\/\/www.bcanto.com\/wp\/wp-content\/uploads\/2022\/09\/Bel-Canto-2022-1-forminskad-1024x683.jpg 1024w, https:\/\/www.bcanto.com\/wp\/wp-content\/uploads\/2022\/09\/Bel-Canto-2022-1-forminskad-300x200.jpg 300w, https:\/\/www.bcanto.com\/wp\/wp-content\/uploads\/2022\/09\/Bel-Canto-2022-1-forminskad-768x513.jpg 768w, https:\/\/www.bcanto.com\/wp\/wp-content\/uploads\/2022\/09\/Bel-Canto-2022-1-forminskad-1536x1025.jpg 1536w, https:\/\/www.bcanto.com\/wp\/wp-content\/uploads\/2022\/09\/Bel-Canto-2022-1-forminskad-2048x1367.jpg 2048w, https:\/\/www.bcanto.com\/wp\/wp-content\/uploads\/2022\/09\/Bel-Canto-2022-1-forminskad-272x182.jpg 272w\" sizes=\"(max-width: 1024px) 100vw, 1024px\" \/><\/figure><\/li><li class=\"wp-block-jetpack-slideshow_slide swiper-slide\"><figure><img loading=\"lazy\" decoding=\"async\" width=\"2560\" height=\"1709\" alt=\"\" class=\"wp-block-jetpack-slideshow_image wp-image-1369\" data-id=\"1369\" src=\"http:\/\/www.bcanto.com\/wp\/wp-content\/uploads\/2023\/09\/Bel-Canto-2022-2-forminskad-1-scaled.jpg\" srcset=\"https:\/\/www.bcanto.com\/wp\/wp-content\/uploads\/2023\/09\/Bel-Canto-2022-2-forminskad-1-scaled.jpg 2560w, https:\/\/www.bcanto.com\/wp\/wp-content\/uploads\/2023\/09\/Bel-Canto-2022-2-forminskad-1-300x200.jpg 300w, https:\/\/www.bcanto.com\/wp\/wp-content\/uploads\/2023\/09\/Bel-Canto-2022-2-forminskad-1-1024x684.jpg 1024w, https:\/\/www.bcanto.com\/wp\/wp-content\/uploads\/2023\/09\/Bel-Canto-2022-2-forminskad-1-768x513.jpg 768w, https:\/\/www.bcanto.com\/wp\/wp-content\/uploads\/2023\/09\/Bel-Canto-2022-2-forminskad-1-1536x1025.jpg 1536w, https:\/\/www.bcanto.com\/wp\/wp-content\/uploads\/2023\/09\/Bel-Canto-2022-2-forminskad-1-2048x1367.jpg 2048w, https:\/\/www.bcanto.com\/wp\/wp-content\/uploads\/2023\/09\/Bel-Canto-2022-2-forminskad-1-272x182.jpg 272w\" sizes=\"(max-width: 2560px) 100vw, 2560px\" \/><\/figure><\/li><li class=\"wp-block-jetpack-slideshow_slide swiper-slide\"><figure><img loading=\"lazy\" decoding=\"async\" width=\"2560\" height=\"1709\" alt=\"\" class=\"wp-block-jetpack-slideshow_image wp-image-1370\" data-id=\"1370\" src=\"http:\/\/www.bcanto.com\/wp\/wp-content\/uploads\/2023\/09\/Memento_071122_008-forminskad-1-scaled.jpg\" srcset=\"https:\/\/www.bcanto.com\/wp\/wp-content\/uploads\/2023\/09\/Memento_071122_008-forminskad-1-scaled.jpg 2560w, https:\/\/www.bcanto.com\/wp\/wp-content\/uploads\/2023\/09\/Memento_071122_008-forminskad-1-300x200.jpg 300w, https:\/\/www.bcanto.com\/wp\/wp-content\/uploads\/2023\/09\/Memento_071122_008-forminskad-1-1024x684.jpg 1024w, https:\/\/www.bcanto.com\/wp\/wp-content\/uploads\/2023\/09\/Memento_071122_008-forminskad-1-768x513.jpg 768w, https:\/\/www.bcanto.com\/wp\/wp-content\/uploads\/2023\/09\/Memento_071122_008-forminskad-1-1536x1025.jpg 1536w, https:\/\/www.bcanto.com\/wp\/wp-content\/uploads\/2023\/09\/Memento_071122_008-forminskad-1-2048x1367.jpg 2048w, https:\/\/www.bcanto.com\/wp\/wp-content\/uploads\/2023\/09\/Memento_071122_008-forminskad-1-272x182.jpg 272w\" sizes=\"(max-width: 2560px) 100vw, 2560px\" \/><\/figure><\/li><li class=\"wp-block-jetpack-slideshow_slide swiper-slide\"><figure><img loading=\"lazy\" decoding=\"async\" width=\"2560\" height=\"1709\" alt=\"\" class=\"wp-block-jetpack-slideshow_image wp-image-1371\" data-id=\"1371\" src=\"http:\/\/www.bcanto.com\/wp\/wp-content\/uploads\/2023\/09\/Bel-Canto-2022-3-forminskad-1-scaled.jpg\" srcset=\"https:\/\/www.bcanto.com\/wp\/wp-content\/uploads\/2023\/09\/Bel-Canto-2022-3-forminskad-1-scaled.jpg 2560w, https:\/\/www.bcanto.com\/wp\/wp-content\/uploads\/2023\/09\/Bel-Canto-2022-3-forminskad-1-300x200.jpg 300w, https:\/\/www.bcanto.com\/wp\/wp-content\/uploads\/2023\/09\/Bel-Canto-2022-3-forminskad-1-1024x684.jpg 1024w, https:\/\/www.bcanto.com\/wp\/wp-content\/uploads\/2023\/09\/Bel-Canto-2022-3-forminskad-1-768x513.jpg 768w, https:\/\/www.bcanto.com\/wp\/wp-content\/uploads\/2023\/09\/Bel-Canto-2022-3-forminskad-1-1536x1025.jpg 1536w, https:\/\/www.bcanto.com\/wp\/wp-content\/uploads\/2023\/09\/Bel-Canto-2022-3-forminskad-1-2048x1367.jpg 2048w, https:\/\/www.bcanto.com\/wp\/wp-content\/uploads\/2023\/09\/Bel-Canto-2022-3-forminskad-1-272x182.jpg 272w\" sizes=\"(max-width: 2560px) 100vw, 2560px\" \/><\/figure><\/li><li class=\"wp-block-jetpack-slideshow_slide swiper-slide\"><figure><img loading=\"lazy\" decoding=\"async\" width=\"1709\" height=\"2560\" alt=\"\" class=\"wp-block-jetpack-slideshow_image wp-image-1372\" data-id=\"1372\" src=\"http:\/\/www.bcanto.com\/wp\/wp-content\/uploads\/2023\/09\/Dan-Lonnqvist-2022-medium-1-scaled.jpg\" srcset=\"https:\/\/www.bcanto.com\/wp\/wp-content\/uploads\/2023\/09\/Dan-Lonnqvist-2022-medium-1-scaled.jpg 1709w, https:\/\/www.bcanto.com\/wp\/wp-content\/uploads\/2023\/09\/Dan-Lonnqvist-2022-medium-1-200x300.jpg 200w, https:\/\/www.bcanto.com\/wp\/wp-content\/uploads\/2023\/09\/Dan-Lonnqvist-2022-medium-1-683x1024.jpg 683w, https:\/\/www.bcanto.com\/wp\/wp-content\/uploads\/2023\/09\/Dan-Lonnqvist-2022-medium-1-768x1151.jpg 768w, https:\/\/www.bcanto.com\/wp\/wp-content\/uploads\/2023\/09\/Dan-Lonnqvist-2022-medium-1-1025x1536.jpg 1025w, https:\/\/www.bcanto.com\/wp\/wp-content\/uploads\/2023\/09\/Dan-Lonnqvist-2022-medium-1-1367x2048.jpg 1367w\" sizes=\"(max-width: 1709px) 100vw, 1709px\" \/><\/figure><\/li><\/ul><a class=\"wp-block-jetpack-slideshow_button-prev swiper-button-prev swiper-button-white\" role=\"button\"><\/a><a class=\"wp-block-jetpack-slideshow_button-next swiper-button-next swiper-button-white\" role=\"button\"><\/a><a aria-label=\"Pause Slideshow\" class=\"wp-block-jetpack-slideshow_button-pause\" role=\"button\"><\/a><div class=\"wp-block-jetpack-slideshow_pagination swiper-pagination swiper-pagination-white\"><\/div><\/div><\/div>\n\n\n\n<p class=\"has-text-align-center\"><em>Photos: Linda Tallroth-Paananen, Memento Fotografering.<\/em><\/p>\n","protected":false},"excerpt":{"rendered":"<p>Kammark\u00f6ren Bel Canto Kammark\u00f6ren Bel Canto is a chamber choir from Jakobstad, Finland, and was founded by Dan L\u00f6nnqvist in 1989. The choir has performed at almost 180 concerts with an extensive repertoire. Examples of project-based productions are Franz Schubert&#8217;s Mass in G major, Gioacchini Rossini&#8217;s Messe Solennelle, Anton Dvorak&#8217;s Mass in D major, Felix&#8230;<\/p>\n","protected":false},"author":1,"featured_media":1469,"parent":0,"menu_order":30,"comment_status":"open","ping_status":"open","template":"","meta":{"content-type":"","footnotes":""},"class_list":["post-8","page","type-page","status-publish","has-post-thumbnail","hentry"],"jetpack_sharing_enabled":true,"jetpack_shortlink":"https:\/\/wp.me\/P2SXDM-8","jetpack_likes_enabled":true,"_links":{"self":[{"href":"https:\/\/www.bcanto.com\/wp\/index.php?rest_route=\/wp\/v2\/pages\/8","targetHints":{"allow":["GET"]}}],"collection":[{"href":"https:\/\/www.bcanto.com\/wp\/index.php?rest_route=\/wp\/v2\/pages"}],"about":[{"href":"https:\/\/www.bcanto.com\/wp\/index.php?rest_route=\/wp\/v2\/types\/page"}],"author":[{"embeddable":true,"href":"https:\/\/www.bcanto.com\/wp\/index.php?rest_route=\/wp\/v2\/users\/1"}],"replies":[{"embeddable":true,"href":"https:\/\/www.bcanto.com\/wp\/index.php?rest_route=%2Fwp%2Fv2%2Fcomments&post=8"}],"version-history":[{"count":14,"href":"https:\/\/www.bcanto.com\/wp\/index.php?rest_route=\/wp\/v2\/pages\/8\/revisions"}],"predecessor-version":[{"id":1644,"href":"https:\/\/www.bcanto.com\/wp\/index.php?rest_route=\/wp\/v2\/pages\/8\/revisions\/1644"}],"wp:featuredmedia":[{"embeddable":true,"href":"https:\/\/www.bcanto.com\/wp\/index.php?rest_route=\/wp\/v2\/media\/1469"}],"wp:attachment":[{"href":"https:\/\/www.bcanto.com\/wp\/index.php?rest_route=%2Fwp%2Fv2%2Fmedia&parent=8"}],"curies":[{"name":"wp","href":"https:\/\/api.w.org\/{rel}","templated":true}]}}