{"id":77,"date":"2012-11-13T16:38:06","date_gmt":"2012-11-13T14:38:06","guid":{"rendered":"http:\/\/www.bcanto.com\/wp\/?page_id=77"},"modified":"2023-09-07T22:15:15","modified_gmt":"2023-09-07T19:15:15","slug":"bc","status":"publish","type":"page","link":"https:\/\/www.bcanto.com\/wp\/?page_id=77","title":{"rendered":"Intra"},"content":{"rendered":"<p>H\u00e4r finns &#8221;intran\u00e4tet&#8221; f\u00f6r Bel Canto.<\/p>\n","protected":false},"excerpt":{"rendered":"<p>H\u00e4r finns &#8221;intran\u00e4tet&#8221; f\u00f6r Bel Canto.<\/p>\n","protected":false},"author":1,"featured_media":1414,"parent":0,"menu_order":90,"comment_status":"closed","ping_status":"closed","template":"","meta":{"content-type":"","footnotes":""},"class_list":["post-77","page","type-page","status-publish","has-post-thumbnail","hentry"],"jetpack_sharing_enabled":false,"jetpack_shortlink":"https:\/\/wp.me\/P2SXDM-1f","jetpack_likes_enabled":true,"_links":{"self":[{"href":"https:\/\/www.bcanto.com\/wp\/index.php?rest_route=\/wp\/v2\/pages\/77","targetHints":{"allow":["GET"]}}],"collection":[{"href":"https:\/\/www.bcanto.com\/wp\/index.php?rest_route=\/wp\/v2\/pages"}],"about":[{"href":"https:\/\/www.bcanto.com\/wp\/index.php?rest_route=\/wp\/v2\/types\/page"}],"author":[{"embeddable":true,"href":"https:\/\/www.bcanto.com\/wp\/index.php?rest_route=\/wp\/v2\/users\/1"}],"replies":[{"embeddable":true,"href":"https:\/\/www.bcanto.com\/wp\/index.php?rest_route=%2Fwp%2Fv2%2Fcomments&post=77"}],"version-history":[{"count":6,"href":"https:\/\/www.bcanto.com\/wp\/index.php?rest_route=\/wp\/v2\/pages\/77\/revisions"}],"predecessor-version":[{"id":574,"href":"https:\/\/www.bcanto.com\/wp\/index.php?rest_route=\/wp\/v2\/pages\/77\/revisions\/574"}],"wp:featuredmedia":[{"embeddable":true,"href":"https:\/\/www.bcanto.com\/wp\/index.php?rest_route=\/wp\/v2\/media\/1414"}],"wp:attachment":[{"href":"https:\/\/www.bcanto.com\/wp\/index.php?rest_route=%2Fwp%2Fv2%2Fmedia&parent=77"}],"curies":[{"name":"wp","href":"https:\/\/api.w.org\/{rel}","templated":true}]}}