{"id":731,"date":"2017-03-21T15:03:18","date_gmt":"2017-03-21T13:03:18","guid":{"rendered":"http:\/\/www.bcanto.com\/wp\/?page_id=731"},"modified":"2017-03-21T15:03:18","modified_gmt":"2017-03-21T13:03:18","slug":"arsberattelse-2016","status":"publish","type":"page","link":"https:\/\/www.bcanto.com\/wp\/?page_id=731","title":{"rendered":"\u00c5rsber\u00e4ttelse 2016"},"content":{"rendered":"<h1>\u00c5rsber\u00e4ttelse f\u00f6r Kammark\u00f6rf\u00f6reningen Bel Canto Jakobstad rf.<br \/>\nVerksamhetsperioden 2016<\/h1>\n<p style=\"text-align: justify;\">Kammark\u00f6rf\u00f6reningen Bel Canto Jakobstad rf. har under den g\u00e5ngna verksamhetsperioden best\u00e5tt av 33 medlemmar (9 sopraner, 9 altar, 7 tenorer, 8 basar). K\u00f6ren har \u00f6vat 16 g\u00e5nger under v\u00e5rterminen och 19 g\u00e5nger under h\u00f6stterminen. Dessutom har k\u00f6rl\u00e4ger h\u00e5llits 17-18.9 p\u00e5 Villa Elba i Karleby. \u00d6vningarna har h\u00e5llits m\u00e5ndagar kl. 18.30-21.00 vid Jakobstads gymnasium. Dan L\u00f6nnqvist har varit k\u00f6rens dirigent under det g\u00e5ngna \u00e5ret och Marguerithe Sandstedt-Granvik har ansvarat f\u00f6r k\u00f6rens uppsjungning.<\/p>\n<p style=\"text-align: justify;\">S\u00f6ndagen den 13.3.2016 kl. 19.00 h\u00f6lls en S\u00e5ng- och musikkv\u00e4ll i Peders\u00f6re kyrka med anledning av Marie beb\u00e5delsedag. Bel Canto medverkade tillsammans med St Olofsk\u00f6ren och Peders\u00f6re f\u00f6rsamlings kyrkok\u00f6r. K\u00f6ren framf\u00f6rde s\u00e5nger med Maria-temat. Se bilaga 1.<\/p>\n<p style=\"text-align: justify;\">K\u00f6ren reste till Torun i Polen p\u00e5 konsertresa 4-8.5.2016. Den f\u00f6rsta konserten i Torun var en kyrkokonsert och den h\u00f6lls torsdagen den 5.5 kl. 19.00 i katedralen Katedra ss Janow. F\u00f6rsta delen av programmet sj\u00f6ngs a capella. Tillsammans med Multicamerata framf\u00f6rdes Stabat Mater av Rheinberger. Se programblad f\u00f6r \u00f6vrigt program, bilaga 2. Publiken, som uppgick till ca. 200 personer, levde med i musiken. Mozarts Ave Verum Corpus framf\u00f6rdes som extranummer tillsammans med orkestern. K\u00f6rens andra konsert h\u00f6lls l\u00f6rdagen den 7.5 kl. 18.00 i R\u00e5dhuset i Torun. Dan presenterade programmet eftersom det inte fanns programblad. K\u00f6ren framf\u00f6rde bl.a. k\u00f6rs\u00e5nger fr\u00e5n Norden. Marguerithe Sandstedt-Granvik och Bill Ravall sj\u00f6ng duett i ett par s\u00e5nger. Konserten bes\u00f6ktes av ca 240 personer. Program bilaga 3.<\/p>\n<p style=\"text-align: justify;\">L\u00f6rdagen den 29.10 bandade Bel Canto in tre psalmer som ing\u00e5r i det nya psalmbokstill\u00e4gget. Psalmer som sj\u00f6ngs var nr 855 Vinden k\u00e4nner inga gr\u00e4nser, nr 867 Vi tror p\u00e5 Gud som skapar v\u00e4rlden och nr 922 Nu lyser tusen gl\u00e4djebloss. Yle bandade in psalmerna i Peders\u00f6re kyrka.<\/p>\n<p style=\"text-align: justify;\">S\u00f6ndagen den 6.11 kl. 19.00 gav k\u00f6ren konserten Musik i allhelgonatid i Peders\u00f6re kyrka. K\u00f6ren framf\u00f6rde musik av Josef Gabriel Rheinberger. K\u00f6ren framf\u00f6rde bl.a Missa brevis och Stabat Mater. Karolin Wargh fungerade som organist. En str\u00e5kkvintett best\u00e5ende av Jonna Marjam\u00e4ki, Ida Forsman, Folke Nylund, Daniel Nylund och Timo Miettinen medverkade. Publiken bestod av 100 personer. Se program bilaga 4.<\/p>\n<p style=\"text-align: justify;\">S\u00f6ndagen den 18.12.2016 kl. 19.00 h\u00f6ll k\u00f6ren sin traditionella julkonsert i Peders\u00f6re kyrka. Fr\u00e5n altaret sj\u00f6ng k\u00f6ren Det \u00e4r en ros utsprungen, Jag st\u00e5r inf\u00f6r din krubba och Stilla natt. K\u00f6ren framf\u00f6rde bl.a. Beati quorum via av Stanford och I will praise the Lord av Miskinis. Tenoren Aki Alamikkotervo medverkade med tre s\u00e5nger. Dessutom sj\u00f6ng k\u00f6r och solist tillsammans Adams Oi Jouluy\u00f6 och Griegs I himmelen, i himmelen. Karolin Wargh var organist under konserten. Publiken uppgick till 250 personer. Se program, bilaga 5.<\/p>\n<p style=\"text-align: justify;\">K\u00f6ren har inf\u00f6r konsertresorna aktivt marknadsf\u00f6rt sina konserter via annonser och notiser i respektive omr\u00e5dens lokaltidningar, s\u00e4nt ut information till k\u00f6rer och varit synliga p\u00e5 Facebook.<\/p>\n<p style=\"text-align: justify;\">Under det g\u00e5ngna verksamhets\u00e5ret har k\u00f6ren f\u00e5tt f\u00f6ljande underst\u00f6d: 500 \u20ac f\u00f6r Polenresan fr\u00e5n MES, 1000 \u20ac i projektbidrag fr\u00e5n Staden Jakobstad, 2000 \u20ac i verksamhetsbidrag fr\u00e5n Kulturfonden. Dessutom har k\u00f6ren f\u00e5tt 1500 \u20ac fr\u00e5n Konstsamfundet. Pengarna skall anv\u00e4ndas till projektet nyskriven musik a capella.<\/p>\n<p style=\"text-align: justify;\">F\u00f6reningens \u00e5rsm\u00f6te h\u00f6lls den 7.3.2016 kl. 20.00 i Kyrkostrands f\u00f6rsamlingshem. Styrelsen f\u00f6r Kammark\u00f6rf\u00f6reningen Bel Canto Jakobstad rf. valdes f\u00f6r verksamhetsperioden 2016. Styrelsens sammans\u00e4ttning har under den g\u00e5ngna verksamhetsperioden varit: Ordf\u00f6rande Mats L\u00f6f, ers\u00e4ttare Folke West, kass\u00f6r Tom Eklund, ers\u00e4ttare Ann-Christin Storrank, Mattias Gripenberg, ers\u00e4ttare Gerd Isaksson och sekreterare Johanna Eklund, ers\u00e4ttare Benita Finne, ledamot och dirigent Dan L\u00f6nnqvist, ers\u00e4ttare vicedir. Marguerithe Sandstedt-Granvik. Styrelsen har h\u00e5llit 6 styrelsem\u00f6ten. Verksamhetsgranskare f\u00f6r k\u00f6ren har varit Benita Nystr\u00f6m med Yvonne Haldin-Rikberg som ers\u00e4ttare. Mattias Gripenberg har fungerat som notfiskal under verksamhets\u00e5ret.<\/p>\n<p>Peders\u00f6re den 21.1.2017<\/p>\n<p>Johanna Eklund<br \/>\nSekreterare<\/p>\n","protected":false},"excerpt":{"rendered":"<p>\u00c5rsber\u00e4ttelse f\u00f6r Kammark\u00f6rf\u00f6reningen Bel Canto Jakobstad rf. Verksamhetsperioden 2016 Kammark\u00f6rf\u00f6reningen Bel Canto Jakobstad rf. har under den g\u00e5ngna verksamhetsperioden best\u00e5tt av 33 medlemmar (9 sopraner, 9 altar, 7 tenorer, 8 basar). K\u00f6ren har \u00f6vat 16 g\u00e5nger under v\u00e5rterminen och 19 g\u00e5nger under h\u00f6stterminen. Dessutom har k\u00f6rl\u00e4ger h\u00e5llits 17-18.9 p\u00e5 Villa Elba i Karleby. \u00d6vningarna har&#8230;<\/p>\n","protected":false},"author":1,"featured_media":0,"parent":85,"menu_order":0,"comment_status":"closed","ping_status":"closed","template":"","meta":{"content-type":"","footnotes":""},"class_list":["post-731","page","type-page","status-publish","hentry"],"jetpack_sharing_enabled":false,"jetpack_shortlink":"https:\/\/wp.me\/P2SXDM-bN","jetpack_likes_enabled":true,"_links":{"self":[{"href":"https:\/\/www.bcanto.com\/wp\/index.php?rest_route=\/wp\/v2\/pages\/731","targetHints":{"allow":["GET"]}}],"collection":[{"href":"https:\/\/www.bcanto.com\/wp\/index.php?rest_route=\/wp\/v2\/pages"}],"about":[{"href":"https:\/\/www.bcanto.com\/wp\/index.php?rest_route=\/wp\/v2\/types\/page"}],"author":[{"embeddable":true,"href":"https:\/\/www.bcanto.com\/wp\/index.php?rest_route=\/wp\/v2\/users\/1"}],"replies":[{"embeddable":true,"href":"https:\/\/www.bcanto.com\/wp\/index.php?rest_route=%2Fwp%2Fv2%2Fcomments&post=731"}],"version-history":[{"count":1,"href":"https:\/\/www.bcanto.com\/wp\/index.php?rest_route=\/wp\/v2\/pages\/731\/revisions"}],"predecessor-version":[{"id":732,"href":"https:\/\/www.bcanto.com\/wp\/index.php?rest_route=\/wp\/v2\/pages\/731\/revisions\/732"}],"up":[{"embeddable":true,"href":"https:\/\/www.bcanto.com\/wp\/index.php?rest_route=\/wp\/v2\/pages\/85"}],"wp:attachment":[{"href":"https:\/\/www.bcanto.com\/wp\/index.php?rest_route=%2Fwp%2Fv2%2Fmedia&parent=731"}],"curies":[{"name":"wp","href":"https:\/\/api.w.org\/{rel}","templated":true}]}}