{"id":666,"date":"2017-03-14T16:08:30","date_gmt":"2017-03-14T14:08:30","guid":{"rendered":"http:\/\/www.bcanto.com\/wp\/?page_id=666"},"modified":"2023-09-07T22:16:02","modified_gmt":"2023-09-07T19:16:02","slug":"arsberattelser","status":"publish","type":"page","link":"https:\/\/www.bcanto.com\/wp\/?page_id=666","title":{"rendered":"\u00c5rsber\u00e4ttelser"},"content":{"rendered":"<h1>Verksamhets- och \u00e5rsber\u00e4ttelser<\/h1>\n<h2>2010 &#8211;<\/h2>\n<p style=\"padding-left: 30px;\"><a href=\"http:\/\/www.bcanto.com\/wp\/?page_id=694\">2010-11<\/a>\u00a0\u2022 <a href=\"http:\/\/www.bcanto.com\/wp\/?page_id=696\">2011<\/a> \u2022 <a href=\"http:\/\/www.bcanto.com\/wp\/?page_id=698\">2012<\/a> \u2022 <a href=\"http:\/\/www.bcanto.com\/wp\/?page_id=587\">2013<\/a> \u2022 <a href=\"http:\/\/www.bcanto.com\/wp\/?page_id=700\">2014<\/a> \u2022 <a href=\"http:\/\/www.bcanto.com\/wp\/?page_id=577\">2015<\/a> \u2022 <a href=\"http:\/\/www.bcanto.com\/wp\/?page_id=731\">2016<\/a><\/p>\n<h2>2000-2009<\/h2>\n<p style=\"padding-left: 30px;\"><a href=\"http:\/\/www.bcanto.com\/wp\/?page_id=631\">2000-01<\/a>\u00a0\u2022 <a href=\"http:\/\/www.bcanto.com\/wp\/?page_id=634\">2001-02<\/a> \u2022 <a href=\"http:\/\/www.bcanto.com\/wp\/?page_id=636\">2002-03<\/a> \u2022 <a href=\"http:\/\/www.bcanto.com\/wp\/?page_id=638\">2003-04<\/a> \u2022 <a href=\"http:\/\/www.bcanto.com\/wp\/?page_id=640\">2004-05<\/a> \u2022 <a href=\"http:\/\/www.bcanto.com\/wp\/?page_id=642\">2005-06<\/a> \u2022 <a href=\"http:\/\/www.bcanto.com\/wp\/?page_id=644\">2006-07<\/a> \u2022 <a href=\"http:\/\/www.bcanto.com\/wp\/?page_id=646\">2007-08<\/a> \u2022 <a href=\"http:\/\/www.bcanto.com\/wp\/?page_id=648\">2008-09<\/a> \u2022 <a href=\"http:\/\/www.bcanto.com\/wp\/?page_id=710\">2009-10<\/a><\/p>\n<h2>1989-1999<\/h2>\n<p style=\"padding-left: 30px;\"><a href=\"http:\/\/www.bcanto.com\/wp\/?page_id=721\">1989-91<\/a> \u2022 <a href=\"http:\/\/www.bcanto.com\/wp\/?page_id=719\">1991<\/a> \u2022 <a href=\"http:\/\/www.bcanto.com\/wp\/?page_id=714\">1992<\/a> \u2022 <a href=\"http:\/\/www.bcanto.com\/wp\/?page_id=617\">1993-94<\/a> \u2022 <a href=\"http:\/\/www.bcanto.com\/wp\/?page_id=619\">1994-95<\/a> \u2022 <a href=\"http:\/\/www.bcanto.com\/wp\/?page_id=621\">1995-96<\/a> \u2022 <a href=\"http:\/\/www.bcanto.com\/wp\/?page_id=623\">1996-97<\/a> \u2022 <a href=\"http:\/\/www.bcanto.com\/wp\/?page_id=625\">1997-98<\/a> \u2022 <a href=\"http:\/\/www.bcanto.com\/wp\/?page_id=627\">1998-99<\/a> \u2022 <a href=\"http:\/\/www.bcanto.com\/wp\/?page_id=629\">1999-2000 <\/a><\/p>\n","protected":false},"excerpt":{"rendered":"<p>Verksamhets- och \u00e5rsber\u00e4ttelser 2010 &#8211; 2010-11\u00a0\u2022 2011 \u2022 2012 \u2022 2013 \u2022 2014 \u2022 2015 \u2022 2016 2000-2009 2000-01\u00a0\u2022 2001-02 \u2022 2002-03 \u2022 2003-04 \u2022 2004-05 \u2022 2005-06 \u2022 2006-07 \u2022 2007-08 \u2022 2008-09 \u2022 2009-10 1989-1999 1989-91 \u2022 1991 \u2022 1992 \u2022 1993-94 \u2022 1994-95 \u2022 1995-96 \u2022 1996-97 \u2022 1997-98 \u2022 1998-99 \u2022&#8230;<\/p>\n","protected":false},"author":1,"featured_media":1414,"parent":77,"menu_order":0,"comment_status":"closed","ping_status":"closed","template":"","meta":{"content-type":"","footnotes":""},"class_list":["post-666","page","type-page","status-publish","has-post-thumbnail","hentry"],"jetpack_sharing_enabled":false,"jetpack_shortlink":"https:\/\/wp.me\/P2SXDM-aK","jetpack_likes_enabled":true,"_links":{"self":[{"href":"https:\/\/www.bcanto.com\/wp\/index.php?rest_route=\/wp\/v2\/pages\/666","targetHints":{"allow":["GET"]}}],"collection":[{"href":"https:\/\/www.bcanto.com\/wp\/index.php?rest_route=\/wp\/v2\/pages"}],"about":[{"href":"https:\/\/www.bcanto.com\/wp\/index.php?rest_route=\/wp\/v2\/types\/page"}],"author":[{"embeddable":true,"href":"https:\/\/www.bcanto.com\/wp\/index.php?rest_route=\/wp\/v2\/users\/1"}],"replies":[{"embeddable":true,"href":"https:\/\/www.bcanto.com\/wp\/index.php?rest_route=%2Fwp%2Fv2%2Fcomments&post=666"}],"version-history":[{"count":4,"href":"https:\/\/www.bcanto.com\/wp\/index.php?rest_route=\/wp\/v2\/pages\/666\/revisions"}],"predecessor-version":[{"id":733,"href":"https:\/\/www.bcanto.com\/wp\/index.php?rest_route=\/wp\/v2\/pages\/666\/revisions\/733"}],"up":[{"embeddable":true,"href":"https:\/\/www.bcanto.com\/wp\/index.php?rest_route=\/wp\/v2\/pages\/77"}],"wp:featuredmedia":[{"embeddable":true,"href":"https:\/\/www.bcanto.com\/wp\/index.php?rest_route=\/wp\/v2\/media\/1414"}],"wp:attachment":[{"href":"https:\/\/www.bcanto.com\/wp\/index.php?rest_route=%2Fwp%2Fv2%2Fmedia&parent=666"}],"curies":[{"name":"wp","href":"https:\/\/api.w.org\/{rel}","templated":true}]}}