{"id":6,"date":"2012-11-10T18:49:43","date_gmt":"2012-11-10T16:49:43","guid":{"rendered":"http:\/\/www.bcanto.com\/wp\/?page_id=6"},"modified":"2024-09-17T21:47:09","modified_gmt":"2024-09-17T18:47:09","slug":"suomi","status":"publish","type":"page","link":"https:\/\/www.bcanto.com\/wp\/?page_id=6","title":{"rendered":"Bel Canto \u2013 Suomi"},"content":{"rendered":"\n<h1 class=\"wp-block-heading has-text-align-center\">Kammark\u00f6ren Bel Canto<\/h1>\n\n\n\n<p>Kammark\u00f6ren Bel Canto on vuonna 1989 Dan L\u00f6nnqvistin perustama kamarikuoro. Kuoro on esiintynyt l\u00e4hes 180 konsertissa laajalla ohjelmistolla. Esimerkkej\u00e4 projektipohjaisista tuotannoista ovat mm. Franz Schubertin <em>Messu G-duurissa<\/em>, Gioacchini Rossinin <em>Messe Solennelle<\/em>, Anton Dvorakin <em>Messu D-duurissa<\/em>, Felix Mendelssohnin <em>Lobgesangsinfonia<\/em>, Johann Sebastian Bachin <em>Motetteja<\/em>, <em>Matteuspassio <\/em>ja <em>Jouluoratorio<\/em>, Carl Orffin <em>Carmina Burana<\/em>, Johannes Brahmsin <em>Ein deutsches Requiem<\/em>, sek\u00e4 Wolfgang Amadeus Mozartin <em>Requiem<\/em>.<\/p>\n\n\n\n<p>Kammark\u00f6ren Bel Canto, jossa on noin 30 laulajaa, toimii Jakobstads svenska arbetsinstitutetissa (Pietarsaaren ruotsinkielinen ty\u00f6v\u00e4enopisto). Kuoro on esiintynyt p\u00e4\u00e4osin Pietarsaaressa ja sen l\u00e4hiseudulla, mutta on my\u00f6s tehnyt konserttimatkoja ymp\u00e4ri Pohjoismaita, Baltiaa ja muualla Euroopassa (mm. Ukrainassa, Luxemburgissa, Sveitsiss\u00e4 ja Italiassa). Bel Canto on tehnyt yhteisty\u00f6t\u00e4 mm. Pietarsaaren Sinfoniettan, Keski-Pohjanmaan Kamariorkesterin, Cracow Percussion Groupin, sek\u00e4 projektikohtaisesti muiden Pietarsaaren kuorojen kanssa.<\/p>\n\n\n\n<p>Bel Canto ty\u00f6skentelee p\u00e4\u00e4osin a cappella -laululla. Kuoron vieraana ovat olleet monet tunnetut solistit, erityisesti perinteisiss\u00e4 joulukonserteissa Peders\u00f6ren kirkossa Pietarsaaressa. Hein\u00e4kuussa 2005 kuoro otti kolmannen sijan Llangollen International Musical Eisteddfodissa Walesissa. Bel Canton \u00e4\u00e4nenmuodostajana toimii Marguerithe Sandstedt-Granvik ja johtajana Susanne Westerlund syksyst\u00e4 2024 l\u00e4htien.<\/p>\n\n\n\n<p class=\"has-white-color has-text-color\">.<\/p>\n\n\n\n<p class=\"has-white-color has-text-color\">.<\/p>\n\n\n\n<div class=\"wp-block-jetpack-slideshow aligncenter\" data-autoplay=\"true\" data-delay=\"5\" data-effect=\"slide\"><div class=\"wp-block-jetpack-slideshow_container swiper-container\"><ul class=\"wp-block-jetpack-slideshow_swiper-wrapper swiper-wrapper\"><li class=\"wp-block-jetpack-slideshow_slide swiper-slide\"><figure><img loading=\"lazy\" decoding=\"async\" width=\"2560\" height=\"1708\" alt=\"\" class=\"wp-block-jetpack-slideshow_image wp-image-1249\" data-id=\"1249\" src=\"http:\/\/www.bcanto.com\/wp\/wp-content\/uploads\/2022\/09\/Bel-Canto-2022-1-forminskad-scaled.jpg\" srcset=\"https:\/\/www.bcanto.com\/wp\/wp-content\/uploads\/2022\/09\/Bel-Canto-2022-1-forminskad-scaled.jpg 2560w, https:\/\/www.bcanto.com\/wp\/wp-content\/uploads\/2022\/09\/Bel-Canto-2022-1-forminskad-300x200.jpg 300w, https:\/\/www.bcanto.com\/wp\/wp-content\/uploads\/2022\/09\/Bel-Canto-2022-1-forminskad-1024x683.jpg 1024w, https:\/\/www.bcanto.com\/wp\/wp-content\/uploads\/2022\/09\/Bel-Canto-2022-1-forminskad-768x513.jpg 768w, https:\/\/www.bcanto.com\/wp\/wp-content\/uploads\/2022\/09\/Bel-Canto-2022-1-forminskad-1536x1025.jpg 1536w, https:\/\/www.bcanto.com\/wp\/wp-content\/uploads\/2022\/09\/Bel-Canto-2022-1-forminskad-2048x1367.jpg 2048w, https:\/\/www.bcanto.com\/wp\/wp-content\/uploads\/2022\/09\/Bel-Canto-2022-1-forminskad-272x182.jpg 272w\" sizes=\"(max-width: 2560px) 100vw, 2560px\" \/><\/figure><\/li><li class=\"wp-block-jetpack-slideshow_slide swiper-slide\"><figure><img loading=\"lazy\" decoding=\"async\" width=\"2560\" height=\"1709\" alt=\"\" class=\"wp-block-jetpack-slideshow_image wp-image-1361\" data-id=\"1361\" src=\"http:\/\/www.bcanto.com\/wp\/wp-content\/uploads\/2023\/09\/Bel-Canto-2022-2-forminskad-scaled.jpg\" srcset=\"https:\/\/www.bcanto.com\/wp\/wp-content\/uploads\/2023\/09\/Bel-Canto-2022-2-forminskad-scaled.jpg 2560w, https:\/\/www.bcanto.com\/wp\/wp-content\/uploads\/2023\/09\/Bel-Canto-2022-2-forminskad-300x200.jpg 300w, https:\/\/www.bcanto.com\/wp\/wp-content\/uploads\/2023\/09\/Bel-Canto-2022-2-forminskad-1024x684.jpg 1024w, https:\/\/www.bcanto.com\/wp\/wp-content\/uploads\/2023\/09\/Bel-Canto-2022-2-forminskad-768x513.jpg 768w, https:\/\/www.bcanto.com\/wp\/wp-content\/uploads\/2023\/09\/Bel-Canto-2022-2-forminskad-1536x1025.jpg 1536w, https:\/\/www.bcanto.com\/wp\/wp-content\/uploads\/2023\/09\/Bel-Canto-2022-2-forminskad-2048x1367.jpg 2048w, https:\/\/www.bcanto.com\/wp\/wp-content\/uploads\/2023\/09\/Bel-Canto-2022-2-forminskad-272x182.jpg 272w\" sizes=\"(max-width: 2560px) 100vw, 2560px\" \/><\/figure><\/li><li class=\"wp-block-jetpack-slideshow_slide swiper-slide\"><figure><img loading=\"lazy\" decoding=\"async\" width=\"2560\" height=\"1709\" alt=\"\" class=\"wp-block-jetpack-slideshow_image wp-image-1363\" data-id=\"1363\" src=\"http:\/\/www.bcanto.com\/wp\/wp-content\/uploads\/2023\/09\/Memento_071122_008-forminskad-scaled.jpg\" srcset=\"https:\/\/www.bcanto.com\/wp\/wp-content\/uploads\/2023\/09\/Memento_071122_008-forminskad-scaled.jpg 2560w, https:\/\/www.bcanto.com\/wp\/wp-content\/uploads\/2023\/09\/Memento_071122_008-forminskad-300x200.jpg 300w, https:\/\/www.bcanto.com\/wp\/wp-content\/uploads\/2023\/09\/Memento_071122_008-forminskad-1024x684.jpg 1024w, https:\/\/www.bcanto.com\/wp\/wp-content\/uploads\/2023\/09\/Memento_071122_008-forminskad-768x513.jpg 768w, https:\/\/www.bcanto.com\/wp\/wp-content\/uploads\/2023\/09\/Memento_071122_008-forminskad-1536x1025.jpg 1536w, https:\/\/www.bcanto.com\/wp\/wp-content\/uploads\/2023\/09\/Memento_071122_008-forminskad-2048x1367.jpg 2048w, https:\/\/www.bcanto.com\/wp\/wp-content\/uploads\/2023\/09\/Memento_071122_008-forminskad-272x182.jpg 272w\" sizes=\"(max-width: 2560px) 100vw, 2560px\" \/><\/figure><\/li><li class=\"wp-block-jetpack-slideshow_slide swiper-slide\"><figure><img loading=\"lazy\" decoding=\"async\" width=\"2560\" height=\"1709\" alt=\"\" class=\"wp-block-jetpack-slideshow_image wp-image-1364\" data-id=\"1364\" src=\"http:\/\/www.bcanto.com\/wp\/wp-content\/uploads\/2023\/09\/Bel-Canto-2022-3-forminskad-scaled.jpg\" srcset=\"https:\/\/www.bcanto.com\/wp\/wp-content\/uploads\/2023\/09\/Bel-Canto-2022-3-forminskad-scaled.jpg 2560w, https:\/\/www.bcanto.com\/wp\/wp-content\/uploads\/2023\/09\/Bel-Canto-2022-3-forminskad-300x200.jpg 300w, https:\/\/www.bcanto.com\/wp\/wp-content\/uploads\/2023\/09\/Bel-Canto-2022-3-forminskad-1024x684.jpg 1024w, https:\/\/www.bcanto.com\/wp\/wp-content\/uploads\/2023\/09\/Bel-Canto-2022-3-forminskad-768x513.jpg 768w, https:\/\/www.bcanto.com\/wp\/wp-content\/uploads\/2023\/09\/Bel-Canto-2022-3-forminskad-1536x1025.jpg 1536w, https:\/\/www.bcanto.com\/wp\/wp-content\/uploads\/2023\/09\/Bel-Canto-2022-3-forminskad-2048x1367.jpg 2048w, https:\/\/www.bcanto.com\/wp\/wp-content\/uploads\/2023\/09\/Bel-Canto-2022-3-forminskad-272x182.jpg 272w\" sizes=\"(max-width: 2560px) 100vw, 2560px\" \/><\/figure><\/li><li class=\"wp-block-jetpack-slideshow_slide swiper-slide\"><figure><img loading=\"lazy\" decoding=\"async\" width=\"1709\" height=\"2560\" alt=\"\" class=\"wp-block-jetpack-slideshow_image wp-image-1366\" data-id=\"1366\" src=\"http:\/\/www.bcanto.com\/wp\/wp-content\/uploads\/2023\/09\/Dan-Lonnqvist-2022-medium-scaled.jpg\" srcset=\"https:\/\/www.bcanto.com\/wp\/wp-content\/uploads\/2023\/09\/Dan-Lonnqvist-2022-medium-scaled.jpg 1709w, https:\/\/www.bcanto.com\/wp\/wp-content\/uploads\/2023\/09\/Dan-Lonnqvist-2022-medium-200x300.jpg 200w, https:\/\/www.bcanto.com\/wp\/wp-content\/uploads\/2023\/09\/Dan-Lonnqvist-2022-medium-683x1024.jpg 683w, https:\/\/www.bcanto.com\/wp\/wp-content\/uploads\/2023\/09\/Dan-Lonnqvist-2022-medium-768x1151.jpg 768w, https:\/\/www.bcanto.com\/wp\/wp-content\/uploads\/2023\/09\/Dan-Lonnqvist-2022-medium-1025x1536.jpg 1025w, https:\/\/www.bcanto.com\/wp\/wp-content\/uploads\/2023\/09\/Dan-Lonnqvist-2022-medium-1367x2048.jpg 1367w\" sizes=\"(max-width: 1709px) 100vw, 1709px\" \/><\/figure><\/li><\/ul><a class=\"wp-block-jetpack-slideshow_button-prev swiper-button-prev swiper-button-white\" role=\"button\"><\/a><a class=\"wp-block-jetpack-slideshow_button-next swiper-button-next swiper-button-white\" role=\"button\"><\/a><a aria-label=\"Pause Slideshow\" class=\"wp-block-jetpack-slideshow_button-pause\" role=\"button\"><\/a><div class=\"wp-block-jetpack-slideshow_pagination swiper-pagination swiper-pagination-white\"><\/div><\/div><\/div>\n\n\n\n<p class=\"has-text-align-center\"><em>Kuvat: Linda Tallroth-Paananen, Memento Fotografering.<\/em><\/p>\n","protected":false},"excerpt":{"rendered":"<p>Kammark\u00f6ren Bel Canto Kammark\u00f6ren Bel Canto on vuonna 1989 Dan L\u00f6nnqvistin perustama kamarikuoro. Kuoro on esiintynyt l\u00e4hes 180 konsertissa laajalla ohjelmistolla. Esimerkkej\u00e4 projektipohjaisista tuotannoista ovat mm. Franz Schubertin Messu G-duurissa, Gioacchini Rossinin Messe Solennelle, Anton Dvorakin Messu D-duurissa, Felix Mendelssohnin Lobgesangsinfonia, Johann Sebastian Bachin Motetteja, Matteuspassio ja Jouluoratorio, Carl Orffin Carmina Burana, Johannes Brahmsin Ein&#8230;<\/p>\n","protected":false},"author":1,"featured_media":1469,"parent":0,"menu_order":29,"comment_status":"closed","ping_status":"closed","template":"","meta":{"content-type":"","footnotes":""},"class_list":["post-6","page","type-page","status-publish","has-post-thumbnail","hentry"],"jetpack_sharing_enabled":true,"jetpack_shortlink":"https:\/\/wp.me\/P2SXDM-6","jetpack_likes_enabled":true,"_links":{"self":[{"href":"https:\/\/www.bcanto.com\/wp\/index.php?rest_route=\/wp\/v2\/pages\/6","targetHints":{"allow":["GET"]}}],"collection":[{"href":"https:\/\/www.bcanto.com\/wp\/index.php?rest_route=\/wp\/v2\/pages"}],"about":[{"href":"https:\/\/www.bcanto.com\/wp\/index.php?rest_route=\/wp\/v2\/types\/page"}],"author":[{"embeddable":true,"href":"https:\/\/www.bcanto.com\/wp\/index.php?rest_route=\/wp\/v2\/users\/1"}],"replies":[{"embeddable":true,"href":"https:\/\/www.bcanto.com\/wp\/index.php?rest_route=%2Fwp%2Fv2%2Fcomments&post=6"}],"version-history":[{"count":17,"href":"https:\/\/www.bcanto.com\/wp\/index.php?rest_route=\/wp\/v2\/pages\/6\/revisions"}],"predecessor-version":[{"id":1628,"href":"https:\/\/www.bcanto.com\/wp\/index.php?rest_route=\/wp\/v2\/pages\/6\/revisions\/1628"}],"wp:featuredmedia":[{"embeddable":true,"href":"https:\/\/www.bcanto.com\/wp\/index.php?rest_route=\/wp\/v2\/media\/1469"}],"wp:attachment":[{"href":"https:\/\/www.bcanto.com\/wp\/index.php?rest_route=%2Fwp%2Fv2%2Fmedia&parent=6"}],"curies":[{"name":"wp","href":"https:\/\/api.w.org\/{rel}","templated":true}]}}