{"id":587,"date":"2017-03-14T13:17:35","date_gmt":"2017-03-14T11:17:35","guid":{"rendered":"http:\/\/www.bcanto.com\/wp\/?page_id=587"},"modified":"2017-03-14T19:55:29","modified_gmt":"2017-03-14T17:55:29","slug":"arsberattelse-2013","status":"publish","type":"page","link":"https:\/\/www.bcanto.com\/wp\/?page_id=587","title":{"rendered":"\u00c5rsber\u00e4ttelse 2013"},"content":{"rendered":"<h1>\u00c5rsber\u00e4ttelse f\u00f6r Kammark\u00f6rf\u00f6reningen Bel Canto Jakobstad rf.<br \/>\nVerksamhetsperioden 2013<\/h1>\n<p style=\"text-align: justify;\">Kammark\u00f6rf\u00f6reningen Bel Canto Jakobstad rf. har under den g\u00e5ngna verksamhetsperioden best\u00e5tt av 31 medlemmar (8 sopraner, 9 altar, 5 tenorer, 9 basar). K\u00f6ren har \u00f6vat 15 g\u00e5nger under v\u00e5rterminen och 16 g\u00e5nger under h\u00f6stterminen. Dessutom har en k\u00f6rdag h\u00e5llits 15.9. \u00d6vningarna har f\u00f6r det mesta h\u00e5llits m\u00e5ndagar kl. 18.30-21.00 vid Jakobstads gymnasium. Dan L\u00f6nnqvist har varit k\u00f6rens dirigent under det g\u00e5ngna \u00e5ret och Marguerithe Sandstedt-Granvik har ansvarat f\u00f6r k\u00f6rens uppsjungning.<\/p>\n<p style=\"text-align: justify;\">Under v\u00e5rterminen 2013 bj\u00f6d k\u00f6ren in k\u00f6rs\u00e5ngare f\u00f6r att tillsammans med Bel Canto framf\u00f6ra passionsmusik L\u00e5ngfredagen den 29.3.2013 i Peders\u00f6re kyrka kl 19.00. Projektk\u00f6ren framf\u00f6rde Stabat Mater av Josef Rheinberger, Crucifixus av Antonio Lotti och Requiem av Gabriel Faur\u00e9. Som solister fungerade Marguerithe Sandstedt-Granvik, sopran och S\u00f6ren Lillkung, baryton. Christian Ahlskog var organist och dessutom medverkade en str\u00e5kkvintett.<\/p>\n<p style=\"text-align: justify;\">S\u00f6ndagen den 21.4 \u00a0kl 10.00 medverkade Bel Canto med n\u00e5gra s\u00e5nger i gudstj\u00e4nsten i Peders\u00f6re kyrka.<\/p>\n<p style=\"text-align: justify;\">3-5.5 \u00e5kte Bel Canto p\u00e5 konsertresa till s\u00f6dra Finland. L\u00f6rdagen den 4.5 kl 18.00 h\u00f6lls en konsert i Borg\u00e5 domkyrka. Se bilaga 1 f\u00f6r konsertprogram. S\u00f6ndagen den 5.5 kl 10.00 medverkade k\u00f6ren i gudstj\u00e4nsten i \u00c5ggelby gamla kyrka i Helsingfors.<\/p>\n<p style=\"text-align: justify;\">Jakobstad Music &amp; Arts ordnades f\u00f6rsta g\u00e5ngen 2-6.10.2013. Under festivalen arrangerade\u00a0 Bel Canto K\u00f6rmaraton i Schaumansalen l\u00f6rdagen den 5.10 kl 15.00-19.30. F\u00f6ljande k\u00f6rer inbj\u00f6ds och deltog: S\u00e5nggruppen Tonfallet, Damk\u00f6ren Madrigalen, Mieskuoro Laulu-Jaakot, Kammark\u00f6ren Psallite, Kammark\u00f6ren Bel Canto, S\u00e5ngf\u00f6reningen Cajorna, Jakobstads s\u00e5ngarbr\u00f6der och Kyrksl\u00e4tts mansk\u00f6r. Varje k\u00f6r upptr\u00e4dde under 20 minuter. K\u00f6rmaraton var en lyckad tillst\u00e4llning som uppskattades av b\u00e5de publik och deltagande k\u00f6rer.<\/p>\n<p style=\"text-align: justify;\">\u00c5rets utlandsresa gick till Italien 11-16.10.2013. Under resan gav Bel Canto 4 konserter. L\u00f6rdagen den 12.10 kl 21.00 h\u00f6lls den f\u00f6rsta konserten i kyrkan Sant\u00b4Agostino i Reggio Emilia. F\u00f6ljande dag, s\u00f6ndagen den 13.10 kl 17.00 gav k\u00f6ren konsert i Alvar Aaltokyrkan i Riola. Den tredje konserten h\u00f6lls i kyrkan Santa Caterina da Siena i Trieste m\u00e5ndagen den 14.10 kl 19.00 och den sista konserten h\u00f6lls tisdagen den 15.10 kl 21.00 i Santuario di Montevecchia. Under konserterna sj\u00f6ng k\u00f6ren s\u00e5nger p\u00e5 svenska, finska, engelska, ryska, tyska och latin. Konsertprogram och reseber\u00e4ttelse bifogas till \u00e5rsber\u00e4ttelsen, se bilaga 2.<\/p>\n<p style=\"text-align: justify;\">S\u00f6ndagen den 10.11 kl 19.00 bj\u00f6d Bel Canto in till Farsdagskonsert i Schaumansalen. Konsertprogrammet bestod av samma repertoar som framf\u00f6rdes under Italienresan. Se<br \/>\nbilaga 3.<\/p>\n<p style=\"text-align: justify;\">S\u00f6ndagen den 22.12.2013 kl 19.00 h\u00f6ll k\u00f6ren sin traditionella julkonsert i Peders\u00f6re kyrka. K\u00f6ren framf\u00f6rde bl. a. The peace of God, Angels&#8217; Carol och The Lord bless you and keep you av John Rutter. \u00a0Vidare sj\u00f6ng k\u00f6ren Wachet auf, ruft uns die Stimme av J.S.Bach och delar ur H\u00e4ndels Messias dvs For unto us a child is born samt Halleluja. Se bilaga 4. Sk\u00e5despelare Johan Fagerudd medverkade som recitat\u00f6r. Han l\u00e4ste bibeltexter och dikter av Lars Huld\u00e9n som ankn\u00f6t till julens budskap. Christian Ahlskog fungerade som organist. Nytt f\u00f6r i \u00e5r var ljuseffekter i kyrkan under konserten. Ljuset sk\u00f6ttes av Stage Light\/Tobias L\u00f6nnqvist.<br \/>\nPubliken uppgick till ca 400 personer.<\/p>\n<p style=\"text-align: justify;\">K\u00f6ren har inf\u00f6r konsertresorna aktivt marknadsf\u00f6rt sina konserter via annonser och notiser i respektive omr\u00e5dens lokaltidningar, s\u00e4nt ut information till k\u00f6rer och varit synliga p\u00e5 Facebook.<\/p>\n<p style=\"text-align: justify;\">Under det g\u00e5ngna verksamhets\u00e5ret har k\u00f6ren erh\u00e5llit ekonomiskt underst\u00f6d fr\u00e5n Svenska kulturfonden 3000 \u20ac. F\u00f6r julkonserten 2013 har k\u00f6ren f\u00e5tt stipendier \u00a0fr\u00e5n Harry Schaumans Stiftelse 1000 \u20ac, Staden Jakobstad 1000 \u20ac och fr\u00e5n Strengbergs stiftelse 1500\u20ac.<\/p>\n<p style=\"text-align: justify;\">F\u00f6reningens \u00e5rsm\u00f6te h\u00f6lls den 4.3.2013 kl. 20.15 i biblioteket vid Jakobstads gymnasium. Kammark\u00f6rf\u00f6reningen Bel Canto Jakobstad rf. styrelsen valdes f\u00f6r verksamhetsperioden 2013. Styrelsens sammans\u00e4ttning har under den g\u00e5ngna verksamhetsperioden varit: Ordf\u00f6rande Mats L\u00f6f, ers\u00e4ttare Christer Tonberg, viceordf\u00f6rande Tom Eklund, ers\u00e4ttare Ann-Christin Storrank, kass\u00f6r Lisbeth Vikstr\u00f6m, ers\u00e4ttare Mattias Gripenberg, sekreterare Johanna Eklund, ers\u00e4ttare Benita Finne, ledamot och dirigent Dan L\u00f6nnqvist, ers\u00e4ttare vicedir. Marguerithe Sandstedt-Granvik. Styrelsen har h\u00e5llit 9 styrelsem\u00f6ten. Verksamhetsgranskare f\u00f6r k\u00f6ren har varit Benita Nystr\u00f6m med Yvonne Haldin-Rikberg som ers\u00e4ttare. Tom Eklund har fungerat som notfiskal under h\u00f6stterminen.<\/p>\n<p style=\"text-align: justify;\">Peders\u00f6re den 14 februari 2014<\/p>\n<p>Johanna Eklund<br \/>\nSekreterare<\/p>\n","protected":false},"excerpt":{"rendered":"<p>\u00c5rsber\u00e4ttelse f\u00f6r Kammark\u00f6rf\u00f6reningen Bel Canto Jakobstad rf. Verksamhetsperioden 2013 Kammark\u00f6rf\u00f6reningen Bel Canto Jakobstad rf. har under den g\u00e5ngna verksamhetsperioden best\u00e5tt av 31 medlemmar (8 sopraner, 9 altar, 5 tenorer, 9 basar). K\u00f6ren har \u00f6vat 15 g\u00e5nger under v\u00e5rterminen och 16 g\u00e5nger under h\u00f6stterminen. Dessutom har en k\u00f6rdag h\u00e5llits 15.9. \u00d6vningarna har f\u00f6r det mesta h\u00e5llits&#8230;<\/p>\n","protected":false},"author":1,"featured_media":0,"parent":85,"menu_order":8,"comment_status":"closed","ping_status":"closed","template":"","meta":{"content-type":"","footnotes":""},"class_list":["post-587","page","type-page","status-publish","hentry"],"jetpack_sharing_enabled":true,"jetpack_shortlink":"https:\/\/wp.me\/P2SXDM-9t","jetpack_likes_enabled":true,"_links":{"self":[{"href":"https:\/\/www.bcanto.com\/wp\/index.php?rest_route=\/wp\/v2\/pages\/587","targetHints":{"allow":["GET"]}}],"collection":[{"href":"https:\/\/www.bcanto.com\/wp\/index.php?rest_route=\/wp\/v2\/pages"}],"about":[{"href":"https:\/\/www.bcanto.com\/wp\/index.php?rest_route=\/wp\/v2\/types\/page"}],"author":[{"embeddable":true,"href":"https:\/\/www.bcanto.com\/wp\/index.php?rest_route=\/wp\/v2\/users\/1"}],"replies":[{"embeddable":true,"href":"https:\/\/www.bcanto.com\/wp\/index.php?rest_route=%2Fwp%2Fv2%2Fcomments&post=587"}],"version-history":[{"count":1,"href":"https:\/\/www.bcanto.com\/wp\/index.php?rest_route=\/wp\/v2\/pages\/587\/revisions"}],"predecessor-version":[{"id":588,"href":"https:\/\/www.bcanto.com\/wp\/index.php?rest_route=\/wp\/v2\/pages\/587\/revisions\/588"}],"up":[{"embeddable":true,"href":"https:\/\/www.bcanto.com\/wp\/index.php?rest_route=\/wp\/v2\/pages\/85"}],"wp:attachment":[{"href":"https:\/\/www.bcanto.com\/wp\/index.php?rest_route=%2Fwp%2Fv2%2Fmedia&parent=587"}],"curies":[{"name":"wp","href":"https:\/\/api.w.org\/{rel}","templated":true}]}}