{"id":577,"date":"2017-03-14T12:20:33","date_gmt":"2017-03-14T10:20:33","guid":{"rendered":"http:\/\/www.bcanto.com\/wp\/?page_id=577"},"modified":"2017-03-14T19:50:25","modified_gmt":"2017-03-14T17:50:25","slug":"arsberattelse-2015","status":"publish","type":"page","link":"https:\/\/www.bcanto.com\/wp\/?page_id=577","title":{"rendered":"\u00c5rsber\u00e4ttelse 2015"},"content":{"rendered":"<h2>\u00c5rsber\u00e4ttelse f\u00f6r Kammark\u00f6rf\u00f6reningen Bel Canto Jakobstad rf.<br \/>\nVerksamhetsperioden 2015<\/h2>\n<p style=\"text-align: justify;\">Kammark\u00f6rf\u00f6reningen Bel Canto Jakobstad rf. har under den g\u00e5ngna verksamhetsperioden best\u00e5tt av 35 medlemmar (9 sopraner, 10 altar, 7 tenorer, 9 basar). K\u00f6ren har \u00f6vat 14 g\u00e5nger under v\u00e5rterminen och 19 g\u00e5nger under h\u00f6stterminen. Dessutom har k\u00f6rl\u00e4ger h\u00e5llits 11-13.9 vid Valamo kloster. \u00d6vningarna har h\u00e5llits m\u00e5ndagar kl. 18.30-21.00 vid Jakobstads gymnasium. Dan L\u00f6nnqvist har varit k\u00f6rens dirigent under det g\u00e5ngna \u00e5ret och Marguerithe Sandstedt-Granvik har ansvarat f\u00f6r k\u00f6rens uppsjungning.<\/p>\n<p style=\"text-align: justify;\">30.4-3.5.2015 \u00e5kte Bel Canto till Tallin p\u00e5 k\u00f6rresa. K\u00f6ren gav en konsert i Gustav Adolfi Gumnaasium l\u00f6rdagen den 2.5 kl. 18.00. S\u00f6ndagen den 3.5 kl. 10.00 medverkade k\u00f6ren i den finska h\u00f6gm\u00e4ssan i Pyh\u00e4n Mikaelin kirkko. Konsertprogram och reseber\u00e4ttelse bifogas till \u00e5rsber\u00e4ttelsen, se bilaga 1.<\/p>\n<p style=\"text-align: justify;\">S\u00f6ndagen den 10.5 \u00a0kl 10.00 medverkade Bel Canto med n\u00e5gra s\u00e5nger i h\u00f6gm\u00e4ssan i Peders\u00f6re kyrka.<\/p>\n<p style=\"text-align: justify;\">S\u00f6ndagen den 14.6 kl. 20.00 gav k\u00f6ren en konsert i Munsala kyrka. Konserten ingick i konsertserien Musik i sommarkv\u00e4llen \u2013 Jakobs Orgeldagar XIV. Konserten bes\u00f6ktes av 60 personer. Se program, bilaga 2.<\/p>\n<p style=\"text-align: justify;\">K\u00f6rens \u00f6vningsweekend h\u00f6lls 11-13.9 vid Valamo kloster. K\u00f6rweekenden var uppskattad. L\u00f6rdagen den 12.9 kl. 21.00 hade vi f\u00f6rm\u00e5nen att f\u00e5 sjunga i Valamo klosterkyrka. Kyrkan var fullsatt under konserten, ca 80 personer. Klangen och k\u00e4nslan i klosterkyrkan var fantastisk. Vi minns konserten med gl\u00e4dje. Se program, bilaga 3. Det praktiska fungerade mycket bra vid Valamo kloster och vi \u00e5terkommer g\u00e4rna en annan g\u00e5ng.<\/p>\n<p style=\"text-align: justify;\">L\u00f6rdagen den 7.11 kl. 19.00 firade k\u00f6ren sitt 25-\u00e5rs jubileum genom att st\u00e4lla till med konsert i Jugendsalen. Marguerithe Sandstedt-Granvik och Bill Ravall medverkade som solister. En str\u00e5kkvartett best\u00e5ende av Jonna Marjam\u00e4ki, Ida Forsman, Folke Nylund och Daniel Nylund medverkade tillsammans med k\u00f6ren i n\u00e5gra s\u00e5nger. Som konferencierer fungerade Benita Finne och Andreas Bj\u00f6rk. K\u00f6ren sj\u00f6ng s\u00e5nger fr\u00e5n sin tidigare repertoar men \u00e4ven ny repertoar framf\u00f6rdes. Publiken uppgick till 150 personer. Se program, bilaga 4.<\/p>\n<p style=\"text-align: justify;\">Efter konserten firade k\u00f6ren med middag p\u00e5 Gourmet Garage. Vi fick njuta av kocken Lasse Forsmans goda mat.<\/p>\n<p style=\"text-align: justify;\">S\u00f6ndagen den 20.12.2015 kl. 15.00 h\u00f6ll k\u00f6ren sin traditionella julkonsert i Peders\u00f6re kyrka. Fr\u00e5n altaret sj\u00f6ng k\u00f6ren Det \u00e4r en ros utsprungen, Puer natus in Betlehem och Stilla natt. Vidare framf\u00f6rdes Ubi Caritas III och Lux Aurumque. Barock Ostrobothnia under ledning av Kreeta-Maria Kentala var k\u00f6rens g\u00e4ster. Tillsammans med orkestern framf\u00f6rde k\u00f6ren Durantes Magnificat in B. Solister i verket var Marguerithe Sandstedt-Granvik, Bill Ravall och Johannes Ahlvik. Durantes Magnificat var en trevlig bekantskap och det var fint att f\u00e5 uppf\u00f6ra det tillsammans med Barock Ostrobothnia, som inspirerade k\u00f6ren till att g\u00f6ra sitt b\u00e4sta. Karolin Wargh fungerade som organist under konserten. Publiken uppgick till 375 personer. Se program, bilaga 4.<\/p>\n<p style=\"text-align: justify;\">K\u00f6ren har inf\u00f6r konsertresorna aktivt marknadsf\u00f6rt sina konserter via annonser och notiser i respektive omr\u00e5dens lokaltidningar, s\u00e4nt ut information till k\u00f6rer och varit synliga p\u00e5 Facebook.<\/p>\n<p style=\"text-align: justify;\">F\u00f6reningens \u00e5rsm\u00f6te h\u00f6lls den 16.2.2015 kl. 20.00 vid Jakobstads gymnasium. Styrelsen f\u00f6r Kammark\u00f6rf\u00f6reningen Bel Canto Jakobstad rf. valdes f\u00f6r verksamhetsperioden 2015. Styrelsens sammans\u00e4ttning har under den g\u00e5ngna verksamhetsperioden varit: Ordf\u00f6rande Mats L\u00f6f, ers\u00e4ttare Folke West, kass\u00f6r Tom Eklund, ers\u00e4ttare Ann-Christin Storrank, Mattias Gripenberg, ers\u00e4ttare Gerd Isaksson och sekreterare Johanna Eklund, ers\u00e4ttare Benita Finne, ledamot och dirigent Dan L\u00f6nnqvist, ers\u00e4ttare vicedir. Marguerithe Sandstedt-Granvik. Styrelsen har h\u00e5llit 9 styrelsem\u00f6ten. Verksamhetsgranskare f\u00f6r k\u00f6ren har varit Benita Nystr\u00f6m med Yvonne Haldin-Rikberg som ers\u00e4ttare. Mattias Gripenberg har fungerat som notfiskal under verksamhets\u00e5ret.<\/p>\n<p>Peders\u00f6re den 10.2.2016<br \/>\nJohanna Eklund, sekr.<\/p>\n","protected":false},"excerpt":{"rendered":"<p>\u00c5rsber\u00e4ttelse f\u00f6r Kammark\u00f6rf\u00f6reningen Bel Canto Jakobstad rf. Verksamhetsperioden 2015 Kammark\u00f6rf\u00f6reningen Bel Canto Jakobstad rf. har under den g\u00e5ngna verksamhetsperioden best\u00e5tt av 35 medlemmar (9 sopraner, 10 altar, 7 tenorer, 9 basar). K\u00f6ren har \u00f6vat 14 g\u00e5nger under v\u00e5rterminen och 19 g\u00e5nger under h\u00f6stterminen. Dessutom har k\u00f6rl\u00e4ger h\u00e5llits 11-13.9 vid Valamo kloster. \u00d6vningarna har h\u00e5llits m\u00e5ndagar&#8230;<\/p>\n","protected":false},"author":1,"featured_media":0,"parent":85,"menu_order":0,"comment_status":"closed","ping_status":"closed","template":"","meta":{"content-type":"","footnotes":""},"class_list":["post-577","page","type-page","status-publish","hentry"],"jetpack_sharing_enabled":false,"jetpack_shortlink":"https:\/\/wp.me\/P2SXDM-9j","jetpack_likes_enabled":true,"_links":{"self":[{"href":"https:\/\/www.bcanto.com\/wp\/index.php?rest_route=\/wp\/v2\/pages\/577","targetHints":{"allow":["GET"]}}],"collection":[{"href":"https:\/\/www.bcanto.com\/wp\/index.php?rest_route=\/wp\/v2\/pages"}],"about":[{"href":"https:\/\/www.bcanto.com\/wp\/index.php?rest_route=\/wp\/v2\/types\/page"}],"author":[{"embeddable":true,"href":"https:\/\/www.bcanto.com\/wp\/index.php?rest_route=\/wp\/v2\/users\/1"}],"replies":[{"embeddable":true,"href":"https:\/\/www.bcanto.com\/wp\/index.php?rest_route=%2Fwp%2Fv2%2Fcomments&post=577"}],"version-history":[{"count":3,"href":"https:\/\/www.bcanto.com\/wp\/index.php?rest_route=\/wp\/v2\/pages\/577\/revisions"}],"predecessor-version":[{"id":581,"href":"https:\/\/www.bcanto.com\/wp\/index.php?rest_route=\/wp\/v2\/pages\/577\/revisions\/581"}],"up":[{"embeddable":true,"href":"https:\/\/www.bcanto.com\/wp\/index.php?rest_route=\/wp\/v2\/pages\/85"}],"wp:attachment":[{"href":"https:\/\/www.bcanto.com\/wp\/index.php?rest_route=%2Fwp%2Fv2%2Fmedia&parent=577"}],"curies":[{"name":"wp","href":"https:\/\/api.w.org\/{rel}","templated":true}]}}