{"id":4,"date":"2012-11-10T18:48:33","date_gmt":"2012-11-10T17:48:33","guid":{"rendered":"http:\/\/www.bcanto.com\/wp\/?page_id=4"},"modified":"2024-09-17T22:49:02","modified_gmt":"2024-09-17T19:49:02","slug":"pa-svenska","status":"publish","type":"page","link":"https:\/\/www.bcanto.com\/wp\/?page_id=4","title":{"rendered":"Kammark\u00f6ren Bel Canto"},"content":{"rendered":"<div id=\"pl-4\"  class=\"panel-layout\" ><div id=\"pg-4-0\"  class=\"panel-grid panel-no-style\" ><div id=\"pgc-4-0-0\"  class=\"panel-grid-cell\" ><div id=\"panel-4-0-0-0\" class=\"so-panel widget widget_sow-editor panel-first-child panel-last-child\" data-index=\"0\" ><div class=\"panel-widget-style panel-widget-style-for-4-0-0-0\" ><div\n\t\t\t\n\t\t\tclass=\"so-widget-sow-editor so-widget-sow-editor-base\"\n\t\t\t\n\t\t>\n<div class=\"siteorigin-widget-tinymce textwidget\">\n\t<h1 style=\"text-align: center;\">Kammark\u00f6ren Bel Canto<\/h1>\n<p>Kammark\u00f6ren Bel Canto grundades av Dan L\u00f6nnqvist \u00e5r 1989. K\u00f6ren har framtr\u00e4tt vid n\u00e4stan 180 konserter med en omfattande repertoar. Som projektbetonade produktioner kan n\u00e4mnas bl.a. Franz Schuberts <em>M\u00e4ssa G-dur<\/em>, Gioacchini Rossinis <em>Messe Solennelle<\/em>, Anton Dvoraks <em>M\u00e4ssa i D-dur<\/em>, Felix Mendelssohns <em>Lobgesangsymfoni<\/em>, Johann Sebastian Bachs <em>Motetter<\/em>, <em>Matteuspassionen<\/em> och <em>Juloratoriet<\/em>, Carl Orffs <em>Carmina Burana<\/em>, Wolfgang Amadeus Mozarts <em>Requiem<\/em>, samt Johannes Brahms <em>Ein deutsches Requiem<\/em>.<\/p>\n<p>Kammark\u00f6ren Bel Canto, med drygt 30 s\u00e5ngare, verkar inom Jakobstads svenska arbetarinstitut. K\u00f6ren har upptr\u00e4tt fr\u00e4mst i Jakobstad med omnejd, men har ocks\u00e5 genomf\u00f6rt konsertresor runtom i Norden, Baltikum och andra delar av Europa (bl.a. Ukraina, Luxemburg, Schweiz och Italien). Bel Canto har samarbetat bl.a. med Jakobstads Sinfonietta, Mellersta \u00d6sterbottens Kammarorkester och Cracow Percussion Group, samt p\u00e5 projektbasis med andra k\u00f6rer i Jakobstadsnejden.<\/p>\n<p>Bel Canto arbetar huvudsakligen med a cappella-s\u00e5ng. M\u00e5nga namnkunniga solister har varit k\u00f6rens g\u00e4ster, speciellt vid de traditionella julkonserterna i Peders\u00f6re kyrka i Jakobstad. Senast gav k\u00f6ren konserter i juni 2024 under en konsertresa till Schweiz i samband med en svarsvisit till kammark\u00f6ren Chorus Nota Bene. K\u00f6rerna hade gemensamma konserter i Hinwil (Reformierte Kirche) och Z\u00fcrich (Fraum\u00fcnster).<\/p>\n<p>I juli 2005 hemf\u00f6rde k\u00f6ren tredje platsen i den internationella k\u00f6rt\u00e4vlingen Llangollen International Musical Eisteddfod i Wales. Bel Cantos tonbildare \u00e4r Marguerithe Sandstedt-Granvik och sedan h\u00f6sten 2024 har Susanne Westerlund fungerat som dirigent.<\/p>\n<p>&nbsp;<\/p>\n<p>&nbsp;<\/p>\n<p><img loading=\"lazy\" decoding=\"async\" class=\"aligncenter wp-image-1249 size-full\" src=\"http:\/\/www.bcanto.com\/wp\/wp-content\/uploads\/2022\/09\/Bel-Canto-2022-1-forminskad-scaled.jpg\" alt=\"\" width=\"2560\" height=\"1708\" srcset=\"https:\/\/www.bcanto.com\/wp\/wp-content\/uploads\/2022\/09\/Bel-Canto-2022-1-forminskad-scaled.jpg 2560w, https:\/\/www.bcanto.com\/wp\/wp-content\/uploads\/2022\/09\/Bel-Canto-2022-1-forminskad-300x200.jpg 300w, https:\/\/www.bcanto.com\/wp\/wp-content\/uploads\/2022\/09\/Bel-Canto-2022-1-forminskad-1024x683.jpg 1024w, https:\/\/www.bcanto.com\/wp\/wp-content\/uploads\/2022\/09\/Bel-Canto-2022-1-forminskad-768x513.jpg 768w, https:\/\/www.bcanto.com\/wp\/wp-content\/uploads\/2022\/09\/Bel-Canto-2022-1-forminskad-1536x1025.jpg 1536w, https:\/\/www.bcanto.com\/wp\/wp-content\/uploads\/2022\/09\/Bel-Canto-2022-1-forminskad-2048x1367.jpg 2048w, https:\/\/www.bcanto.com\/wp\/wp-content\/uploads\/2022\/09\/Bel-Canto-2022-1-forminskad-272x182.jpg 272w\" sizes=\"auto, (max-width: 2560px) 100vw, 2560px\" \/><\/p>\n<p style=\"text-align: center;\"><em>Foto: Linda Tallroth-Paananen, Memento Fotografering.<\/em><\/p>\n<\/div>\n<\/div><\/div><\/div><\/div><\/div><\/div>","protected":false},"excerpt":{"rendered":"<p>Kammark\u00f6ren Bel Canto Kammark\u00f6ren Bel Canto grundades av Dan L\u00f6nnqvist \u00e5r 1989. K\u00f6ren har framtr\u00e4tt vid n\u00e4stan 180 konserter med en omfattande repertoar. Som projektbetonade produktioner kan n\u00e4mnas bl.a. Franz Schuberts M\u00e4ssa G-dur, Gioacchini Rossinis Messe Solennelle, Anton Dvoraks M\u00e4ssa i D-dur, Felix Mendelssohns Lobgesangsymfoni, Johann Sebastian Bachs Motetter, Matteuspassionen och Juloratoriet, Carl Orffs Carmina&#8230;<\/p>\n","protected":false},"author":1,"featured_media":1469,"parent":0,"menu_order":10,"comment_status":"closed","ping_status":"closed","template":"","meta":{"content-type":"","footnotes":""},"class_list":["post-4","page","type-page","status-publish","has-post-thumbnail","hentry"],"jetpack_sharing_enabled":true,"jetpack_shortlink":"https:\/\/wp.me\/P2SXDM-4","jetpack_likes_enabled":true,"_links":{"self":[{"href":"https:\/\/www.bcanto.com\/wp\/index.php?rest_route=\/wp\/v2\/pages\/4","targetHints":{"allow":["GET"]}}],"collection":[{"href":"https:\/\/www.bcanto.com\/wp\/index.php?rest_route=\/wp\/v2\/pages"}],"about":[{"href":"https:\/\/www.bcanto.com\/wp\/index.php?rest_route=\/wp\/v2\/types\/page"}],"author":[{"embeddable":true,"href":"https:\/\/www.bcanto.com\/wp\/index.php?rest_route=\/wp\/v2\/users\/1"}],"replies":[{"embeddable":true,"href":"https:\/\/www.bcanto.com\/wp\/index.php?rest_route=%2Fwp%2Fv2%2Fcomments&post=4"}],"version-history":[{"count":59,"href":"https:\/\/www.bcanto.com\/wp\/index.php?rest_route=\/wp\/v2\/pages\/4\/revisions"}],"predecessor-version":[{"id":1645,"href":"https:\/\/www.bcanto.com\/wp\/index.php?rest_route=\/wp\/v2\/pages\/4\/revisions\/1645"}],"wp:featuredmedia":[{"embeddable":true,"href":"https:\/\/www.bcanto.com\/wp\/index.php?rest_route=\/wp\/v2\/media\/1469"}],"wp:attachment":[{"href":"https:\/\/www.bcanto.com\/wp\/index.php?rest_route=%2Fwp%2Fv2%2Fmedia&parent=4"}],"curies":[{"name":"wp","href":"https:\/\/api.w.org\/{rel}","templated":true}]}}