{"id":29,"date":"2012-11-10T19:19:48","date_gmt":"2012-11-10T17:19:48","guid":{"rendered":"http:\/\/www.bcanto.com\/wp\/?page_id=29"},"modified":"2024-09-17T22:09:16","modified_gmt":"2024-09-17T19:09:16","slug":"kontaktuppgifter","status":"publish","type":"page","link":"https:\/\/www.bcanto.com\/wp\/?page_id=29","title":{"rendered":"Kontakt"},"content":{"rendered":"\n<h1 class=\"wp-block-heading has-text-align-center\">Kammark\u00f6rf\u00f6reningen Bel Canto Jakobstad rf<\/h1>\n\n\n\n<p class=\"has-text-align-center\"><br><strong>STYRELSEN<\/strong><br><br><strong>Susanne Westerlund<\/strong> Dirigent<br>+358 (0) 40 5806 480<br>susanne.h.m.westerlund(a)gmail.com<br><br><strong>Christian Dahlin<\/strong> Ordf\u00f6rande<br>christian.dahlin(a)multi.fi<br><br><strong>Mats L\u00f6f<\/strong> Viceordf\u00f6rande<br><strong>Lena Westerlund<\/strong> Sekreterare<br><strong>Martin Larsson<\/strong> Grafisk formgivare, PR-ansvarig<br><br><br><\/p>\n\n\n\n<p class=\"has-text-align-center\"><strong>KASS\u00d6R<\/strong><br><br><strong>Tom Eklund<\/strong><br>tomekl2(a)hotmail.com<br><br><br><\/p>\n\n\n\n<p class=\"has-text-align-center\"><strong>WEBMASTER<br><\/strong><br><strong>Mats L\u00f6f<\/strong><br>mats(a)bcanto.com<\/p>\n","protected":false},"excerpt":{"rendered":"<p>Kammark\u00f6rf\u00f6reningen Bel Canto Jakobstad rf STYRELSEN Susanne Westerlund Dirigent+358 (0) 40 5806 480susanne.h.m.westerlund(a)gmail.com Christian Dahlin Ordf\u00f6randechristian.dahlin(a)multi.fi Mats L\u00f6f Viceordf\u00f6randeLena Westerlund SekreterareMartin Larsson Grafisk formgivare, PR-ansvarig KASS\u00d6R Tom Eklundtomekl2(a)hotmail.com WEBMASTERMats L\u00f6fmats(a)bcanto.com<\/p>\n","protected":false},"author":1,"featured_media":1414,"parent":4,"menu_order":10,"comment_status":"closed","ping_status":"closed","template":"","meta":{"content-type":"","footnotes":""},"class_list":["post-29","page","type-page","status-publish","has-post-thumbnail","hentry"],"jetpack_sharing_enabled":true,"jetpack_shortlink":"https:\/\/wp.me\/P2SXDM-t","jetpack_likes_enabled":true,"_links":{"self":[{"href":"https:\/\/www.bcanto.com\/wp\/index.php?rest_route=\/wp\/v2\/pages\/29","targetHints":{"allow":["GET"]}}],"collection":[{"href":"https:\/\/www.bcanto.com\/wp\/index.php?rest_route=\/wp\/v2\/pages"}],"about":[{"href":"https:\/\/www.bcanto.com\/wp\/index.php?rest_route=\/wp\/v2\/types\/page"}],"author":[{"embeddable":true,"href":"https:\/\/www.bcanto.com\/wp\/index.php?rest_route=\/wp\/v2\/users\/1"}],"replies":[{"embeddable":true,"href":"https:\/\/www.bcanto.com\/wp\/index.php?rest_route=%2Fwp%2Fv2%2Fcomments&post=29"}],"version-history":[{"count":33,"href":"https:\/\/www.bcanto.com\/wp\/index.php?rest_route=\/wp\/v2\/pages\/29\/revisions"}],"predecessor-version":[{"id":1639,"href":"https:\/\/www.bcanto.com\/wp\/index.php?rest_route=\/wp\/v2\/pages\/29\/revisions\/1639"}],"up":[{"embeddable":true,"href":"https:\/\/www.bcanto.com\/wp\/index.php?rest_route=\/wp\/v2\/pages\/4"}],"wp:featuredmedia":[{"embeddable":true,"href":"https:\/\/www.bcanto.com\/wp\/index.php?rest_route=\/wp\/v2\/media\/1414"}],"wp:attachment":[{"href":"https:\/\/www.bcanto.com\/wp\/index.php?rest_route=%2Fwp%2Fv2%2Fmedia&parent=29"}],"curies":[{"name":"wp","href":"https:\/\/api.w.org\/{rel}","templated":true}]}}