{"id":218,"date":"2013-05-03T16:37:44","date_gmt":"2013-05-03T13:37:44","guid":{"rendered":"http:\/\/www.bcanto.com\/wp\/?page_id=218"},"modified":"2016-11-07T13:52:51","modified_gmt":"2016-11-07T11:52:51","slug":"ijo-och-rovaniemi-6-8-10-2012","status":"publish","type":"page","link":"https:\/\/www.bcanto.com\/wp\/?page_id=218","title":{"rendered":"Ijo och Rovaniemi 6-8.10.2012"},"content":{"rendered":"<p><strong>Bel Cantos k\u00f6rresa till Ijo och Rovaniemi 6-8.10.2012<\/strong><\/p>\n<p>L\u00f6rdagen den 6.10.2012 startade kammark\u00f6ren Bel Canto kl 9.00 med buss fr\u00e5n Jakobstads torg. Turen gick via Sandsund, Benn\u00e4s och Edsev\u00f6 d\u00e4r flere s\u00e5ngare steg p\u00e5. D\u00e4refter var det bara att ta sikte mot Ijo d\u00e4r vi skulle ha konsert den f\u00f6rsta dagen. Vid lunchtid blev det paus vid ABC Tupos utanf\u00f6r Ule\u00e5borg f\u00f6r att ingen skulle bli f\u00f6r hungrig. Sedan fortsatte f\u00e4rden till Ijo kyrka. Vi kom dit f\u00f6re utsatt tid och hade gott om tid f\u00f6r \u00f6vning.<br \/>\nKyrkan har v\u00e4ggar och b\u00e4nkar av tr\u00e4 och det var en utmaning att sjunga i den. Eero Nelimarkka har m\u00e5lat altartavlan som f\u00f6rest\u00e4ller Jesus predikar i b\u00e5ten.<br \/>\nEfter \u00f6vningen hann vi med en uppfriskande promenad l\u00e4ngs smala gator i gamla delen av Ijo. D\u00e4refter bj\u00f6d f\u00f6rsamlingen p\u00e5 sallad och karelska piroger i kyrkan. Det smakade gott! Kantor Eija Savolainen var k\u00f6rens v\u00e4rd.<br \/>\nKonserten h\u00f6lls kl 18.00 i Ijo kyrka. Dan spelade n\u00e5gra orgelstycken till f\u00f6rst innan det var dags f\u00f6r k\u00f6ren att framf\u00f6ra en varierande repertoar. Se bilaga.<br \/>\nPubliken bestod av 35 personer. Trots att publiken inte var s\u00e5 stor var det m\u00e5nga som efter konserten kom och visade sin uppskattning och ville prata med k\u00f6rs\u00e5ngarna, b\u00e5de p\u00e5 svenska och finska.<br \/>\nEfter konserten var det dags f\u00f6r kl\u00e4dbyte och d\u00e4refter v\u00e4ntade middag p\u00e5 Ravintola Salotti. Vi trodde f\u00f6rst att vi kommit fel eftersom det var m\u00f6rkt \u00f6verallt men det visade sig att vi nog var p\u00e5 r\u00e4tt st\u00e4lle. Bara vi v\u00e4l kom in var det ljust i matsalen. Det bj\u00f6ds p\u00e5 salladsbord, soppa med renk\u00f6tt och br\u00f6d. Som huvudr\u00e4tt serverades lax, renskav eller broiler och efterr\u00e4tten bestod av chokladkaka eller cheesecake med mango.<br \/>\nLite senare \u00e4n ber\u00e4knat, dvs kl 21.40, var det dags f\u00f6r avf\u00e4rd till Rovaniemi d\u00e4r vi skulle ta in p\u00e5 hotell Santa Claus i centrum av staden. Vi var r\u00e4tt s\u00e5 m\u00f6ra n\u00e4r vi anl\u00e4nde till hotellet sent p\u00e5 kv\u00e4llen (natten) och ingen orkade fundera p\u00e5 n\u00e5got nattliv. Hotellet var fint med stora rum och fina badrum. S\u00e4ngarna var ocks\u00e5 sk\u00f6na efter en l\u00e5ng dag.<\/p>\n<p>S\u00f6ndagen den 7.10 b\u00f6rjade vi dagen med en mycket god hotellfrukost. Det fanns mycket gott att v\u00e4lja p\u00e5. Kl 9.45 checkade vi ut fr\u00e5n hotellet f\u00f6r att endera promenera eller \u00e5ka buss till Arkticum, som \u00e4r ett museum och vetenskapscentrum som ber\u00e4ttar om m\u00e4nniskor och f\u00f6rh\u00e5llanden i norra Finland. Vi s\u00e5g bl a bildserien Northern Light som visade vackra naturbilder fr\u00e5n v\u00e5rt land. V\u00e5rt land \u00e4r verkligen sev\u00e4rt med sin fina natur. Den japanska gruppen som var med p\u00e5 f\u00f6rest\u00e4llningen samtidigt som vi var mycket imponerade. Norrskensbilderna var h\u00e4ftiga.<br \/>\nKl 12.30 var det dags f\u00f6r lunch vid Christmas House vid Polcirkeln. Lunchbuff\u00e9n var god. Efter\u00e5t fanns det lite tid att uppt\u00e4cka omr\u00e5det. Endel bes\u00f6kte julgubben f\u00f6r att h\u00f6ra om de varit tillr\u00e4ckligt sn\u00e4lla inf\u00f6r den kommande julen och andra satsade p\u00e5 shopping.<br \/>\nVi kom i god tid till Rovaniemi kyrka d\u00e4r vi skulle ha v\u00e5r andra konsert under resan. Eftersom f\u00f6rsamlingen hade eget program kl 15 i kyrkan kunde vi b\u00f6rja \u00f6va f\u00f6rst kl 15.30. Under tiden hade vi m\u00f6jlighet att beundra den vackra altartavlan som gjorts av Lennart Segerstr\u00e5le. Kyrkan med sina vackra m\u00e5lningar, inredning och kyrkorgel bildade en vacker helhet. Akustiken var ocks\u00e5 mycket bra.<br \/>\nF\u00f6rsamlingen och v\u00e5r v\u00e4rd kantor Mauri Miettunen h\u00e4lsade oss v\u00e4lkomna och bj\u00f6d p\u00e5 kaffe med munk f\u00f6re konserten som b\u00f6rjade kl 17.00.<br \/>\nKonsertpubliken bestod av ca 90 personer som nj\u00f6t av musiken. Efter\u00e5t var det flere som kom och sa att det hade varit en fantastisk konsert. M\u00e5nga tyckte det var fascinerande och intressant att k\u00f6rs\u00e5ngarna inte stod st\u00e4mvis utan &#8221;huller om buller&#8221;.<br \/>\nCa 18.30 var vi klara f\u00f6r hemf\u00e4rd och v\u00e5rt f\u00f6rsta m\u00e5l var Neste Tervakuksa i Tervola d\u00e4r vi skulle \u00e4ta middag ca 19.30. Vi hann med en liten paus till innan vi landade i Jakobstad efter kl 1.00 p\u00e5 natten, tr\u00f6tta och n\u00f6jda med \u00e4nnu en k\u00f6rresa och ett stort TACK till Dan som ordnat allt.<\/p>\n<p>Sekreterare Johanna Eklund<\/p>\n","protected":false},"excerpt":{"rendered":"<p>Bel Cantos k\u00f6rresa till Ijo och Rovaniemi 6-8.10.2012 L\u00f6rdagen den 6.10.2012 startade kammark\u00f6ren Bel Canto kl 9.00 med buss fr\u00e5n Jakobstads torg. Turen gick via Sandsund, Benn\u00e4s och Edsev\u00f6 d\u00e4r flere s\u00e5ngare steg p\u00e5. D\u00e4refter var det bara att ta sikte mot Ijo d\u00e4r vi skulle ha konsert den f\u00f6rsta dagen. Vid lunchtid blev det&#8230;<\/p>\n","protected":false},"author":1,"featured_media":0,"parent":214,"menu_order":0,"comment_status":"closed","ping_status":"closed","template":"","meta":{"content-type":"","footnotes":""},"class_list":["post-218","page","type-page","status-publish","hentry"],"jetpack_sharing_enabled":true,"jetpack_shortlink":"https:\/\/wp.me\/P2SXDM-3w","jetpack_likes_enabled":true,"_links":{"self":[{"href":"https:\/\/www.bcanto.com\/wp\/index.php?rest_route=\/wp\/v2\/pages\/218","targetHints":{"allow":["GET"]}}],"collection":[{"href":"https:\/\/www.bcanto.com\/wp\/index.php?rest_route=\/wp\/v2\/pages"}],"about":[{"href":"https:\/\/www.bcanto.com\/wp\/index.php?rest_route=\/wp\/v2\/types\/page"}],"author":[{"embeddable":true,"href":"https:\/\/www.bcanto.com\/wp\/index.php?rest_route=\/wp\/v2\/users\/1"}],"replies":[{"embeddable":true,"href":"https:\/\/www.bcanto.com\/wp\/index.php?rest_route=%2Fwp%2Fv2%2Fcomments&post=218"}],"version-history":[{"count":3,"href":"https:\/\/www.bcanto.com\/wp\/index.php?rest_route=\/wp\/v2\/pages\/218\/revisions"}],"predecessor-version":[{"id":270,"href":"https:\/\/www.bcanto.com\/wp\/index.php?rest_route=\/wp\/v2\/pages\/218\/revisions\/270"}],"up":[{"embeddable":true,"href":"https:\/\/www.bcanto.com\/wp\/index.php?rest_route=\/wp\/v2\/pages\/214"}],"wp:attachment":[{"href":"https:\/\/www.bcanto.com\/wp\/index.php?rest_route=%2Fwp%2Fv2%2Fmedia&parent=218"}],"curies":[{"name":"wp","href":"https:\/\/api.w.org\/{rel}","templated":true}]}}