{"id":15,"date":"2012-11-10T18:53:44","date_gmt":"2012-11-10T17:53:44","guid":{"rendered":"http:\/\/www.bcanto.com\/wp\/?page_id=15"},"modified":"2024-09-17T21:57:17","modified_gmt":"2024-09-17T18:57:17","slug":"johtaja","status":"publish","type":"page","link":"https:\/\/www.bcanto.com\/wp\/?page_id=15","title":{"rendered":"Johtaja"},"content":{"rendered":"\n<h1 class=\"wp-block-heading has-text-align-center\">Susanne Westerlund<\/h1>\n\n\n<div class=\"wp-block-image\">\n<figure class=\"aligncenter size-full is-resized\"><a href=\"https:\/\/www.bcanto.com\/wp\/wp-content\/uploads\/2024\/09\/Susanne-Westerlund-2024-svartvit-1.jpg\"><img loading=\"lazy\" decoding=\"async\" width=\"805\" height=\"1126\" src=\"https:\/\/www.bcanto.com\/wp\/wp-content\/uploads\/2024\/09\/Susanne-Westerlund-2024-svartvit-1.jpg\" alt=\"\" class=\"wp-image-1629\" style=\"width:345px\" srcset=\"https:\/\/www.bcanto.com\/wp\/wp-content\/uploads\/2024\/09\/Susanne-Westerlund-2024-svartvit-1.jpg 805w, https:\/\/www.bcanto.com\/wp\/wp-content\/uploads\/2024\/09\/Susanne-Westerlund-2024-svartvit-1-214x300.jpg 214w, https:\/\/www.bcanto.com\/wp\/wp-content\/uploads\/2024\/09\/Susanne-Westerlund-2024-svartvit-1-732x1024.jpg 732w, https:\/\/www.bcanto.com\/wp\/wp-content\/uploads\/2024\/09\/Susanne-Westerlund-2024-svartvit-1-768x1074.jpg 768w\" sizes=\"auto, (max-width: 805px) 100vw, 805px\" \/><\/a><\/figure>\n<\/div>\n\n\n<p class=\"has-text-align-center\"><em>Kuva: Ellen Westerlund.<\/em><\/p>\n\n\n\n<p class=\"has-white-color has-text-color\">.<\/p>\n\n\n\n<p>Susanne Westerlund on valmistunut musiikin maisteriksi Sibelius-Akatemian kirkkomusiikin ohjelmasta, diplomilaulaja ja laulupedagogi, sek\u00e4 sertifioitu kamarimuusikko Tukholman kuninkaallisesta musiikkikorkeakoulusta. H\u00e4n on opiskellut kuoron- ja orkesterinjohtoa mm. Timo Nuoranteen ja Jorma Panulan johdolla.<br><\/p>\n\n\n\n<p>Vuosina 2010\u20132022 Westerlund toimi Mustasaaren ruotsinkielisen seurakunnan johtavana kirkkomuusikkona, sek\u00e4 kamarikuoro Psalliten ja Mustasaaren kamariorkesterin johtajana. H\u00e4n on my\u00f6s toiminut V\u00e4stnyl\u00e4ndska kammark\u00f6renin johtajana.<br><\/p>\n\n\n\n<p>Nyky\u00e4\u00e4n Westerlund asuu Pietarsaaressa ja ty\u00f6skentelee freelance-muusikkona laulun, kuoron- ja orkesterinjohdon parissa, sek\u00e4 floristina.<\/p>\n","protected":false},"excerpt":{"rendered":"<p>Susanne Westerlund Kuva: Ellen Westerlund. . Susanne Westerlund on valmistunut musiikin maisteriksi Sibelius-Akatemian kirkkomusiikin ohjelmasta, diplomilaulaja ja laulupedagogi, sek\u00e4 sertifioitu kamarimuusikko Tukholman kuninkaallisesta musiikkikorkeakoulusta. H\u00e4n on opiskellut kuoron- ja orkesterinjohtoa mm. Timo Nuoranteen ja Jorma Panulan johdolla. Vuosina 2010\u20132022 Westerlund toimi Mustasaaren ruotsinkielisen seurakunnan johtavana kirkkomuusikkona, sek\u00e4 kamarikuoro Psalliten ja Mustasaaren kamariorkesterin johtajana. H\u00e4n on&#8230;<\/p>\n","protected":false},"author":1,"featured_media":1520,"parent":6,"menu_order":0,"comment_status":"open","ping_status":"open","template":"","meta":{"content-type":"","footnotes":""},"class_list":["post-15","page","type-page","status-publish","has-post-thumbnail","hentry"],"jetpack_sharing_enabled":true,"jetpack_shortlink":"https:\/\/wp.me\/P2SXDM-f","jetpack_likes_enabled":true,"_links":{"self":[{"href":"https:\/\/www.bcanto.com\/wp\/index.php?rest_route=\/wp\/v2\/pages\/15","targetHints":{"allow":["GET"]}}],"collection":[{"href":"https:\/\/www.bcanto.com\/wp\/index.php?rest_route=\/wp\/v2\/pages"}],"about":[{"href":"https:\/\/www.bcanto.com\/wp\/index.php?rest_route=\/wp\/v2\/types\/page"}],"author":[{"embeddable":true,"href":"https:\/\/www.bcanto.com\/wp\/index.php?rest_route=\/wp\/v2\/users\/1"}],"replies":[{"embeddable":true,"href":"https:\/\/www.bcanto.com\/wp\/index.php?rest_route=%2Fwp%2Fv2%2Fcomments&post=15"}],"version-history":[{"count":17,"href":"https:\/\/www.bcanto.com\/wp\/index.php?rest_route=\/wp\/v2\/pages\/15\/revisions"}],"predecessor-version":[{"id":1634,"href":"https:\/\/www.bcanto.com\/wp\/index.php?rest_route=\/wp\/v2\/pages\/15\/revisions\/1634"}],"up":[{"embeddable":true,"href":"https:\/\/www.bcanto.com\/wp\/index.php?rest_route=\/wp\/v2\/pages\/6"}],"wp:featuredmedia":[{"embeddable":true,"href":"https:\/\/www.bcanto.com\/wp\/index.php?rest_route=\/wp\/v2\/media\/1520"}],"wp:attachment":[{"href":"https:\/\/www.bcanto.com\/wp\/index.php?rest_route=%2Fwp%2Fv2%2Fmedia&parent=15"}],"curies":[{"name":"wp","href":"https:\/\/api.w.org\/{rel}","templated":true}]}}