{"id":13,"date":"2012-11-10T18:52:48","date_gmt":"2012-11-10T16:52:48","guid":{"rendered":"http:\/\/www.bcanto.com\/wp\/?page_id=13"},"modified":"2024-09-17T21:40:12","modified_gmt":"2024-09-17T18:40:12","slug":"dirigent","status":"publish","type":"page","link":"https:\/\/www.bcanto.com\/wp\/?page_id=13","title":{"rendered":"Dirigenten"},"content":{"rendered":"\n<h1 class=\"wp-block-heading has-text-align-center\">Susanne Westerlund<\/h1>\n\n\n<div class=\"wp-block-image is-style-default\">\n<figure class=\"aligncenter size-full is-resized\"><a href=\"https:\/\/www.bcanto.com\/wp\/wp-content\/uploads\/2024\/09\/Susanne-Westerlund-2024-svartvit.jpg\"><img loading=\"lazy\" decoding=\"async\" width=\"805\" height=\"1126\" src=\"https:\/\/www.bcanto.com\/wp\/wp-content\/uploads\/2024\/09\/Susanne-Westerlund-2024-svartvit.jpg\" alt=\"\" class=\"wp-image-1621\" style=\"width:345px;height:auto\" srcset=\"https:\/\/www.bcanto.com\/wp\/wp-content\/uploads\/2024\/09\/Susanne-Westerlund-2024-svartvit.jpg 805w, https:\/\/www.bcanto.com\/wp\/wp-content\/uploads\/2024\/09\/Susanne-Westerlund-2024-svartvit-214x300.jpg 214w, https:\/\/www.bcanto.com\/wp\/wp-content\/uploads\/2024\/09\/Susanne-Westerlund-2024-svartvit-732x1024.jpg 732w, https:\/\/www.bcanto.com\/wp\/wp-content\/uploads\/2024\/09\/Susanne-Westerlund-2024-svartvit-768x1074.jpg 768w\" sizes=\"auto, (max-width: 805px) 100vw, 805px\" \/><\/a><\/figure>\n<\/div>\n\n\n<p class=\"has-text-align-center\"><em>Foto: Ellen Westerlund.<\/em><\/p>\n\n\n\n<p class=\"has-white-color has-text-color\">.<\/p>\n\n\n\n<p>Susanne Westerlund \u00e4r musikmagister inom utbildningsprogrammet f\u00f6r kyrkomusik, diploms\u00e5ngerska och s\u00e5ngpedagog fr\u00e5n Sibelius-Akademin, samt diplomerad kammarmusiker fr\u00e5n Kungliga Musikh\u00f6gskolan i Stockholm. Hon har studerat k\u00f6r- och orkesterledning f\u00f6r bl.a. Timo Nuoranne och Jorma Panula.<\/p>\n\n\n\n<p>\u00c5ren 2010\u20132022 arbetade Westerlund som ledande kyrkomusiker i Korsholms svenska f\u00f6rsamling och som dirigent f\u00f6r kammark\u00f6ren Psallite och Korsholms kammarorkester. Hon har \u00e4ven varit dirigent f\u00f6r V\u00e4stnyl\u00e4ndska kammark\u00f6ren.<\/p>\n\n\n\n<p>Numera \u00e4r Westerlund bosatt i Jakobstad och verkar som frilansmusiker inom s\u00e5ng, k\u00f6r- och orkesterledning, samt som florist.<\/p>\n\n\n\n<p class=\"has-white-color has-text-color\"><\/p>\n","protected":false},"excerpt":{"rendered":"<p>Susanne Westerlund Foto: Ellen Westerlund. . Susanne Westerlund \u00e4r musikmagister inom utbildningsprogrammet f\u00f6r kyrkomusik, diploms\u00e5ngerska och s\u00e5ngpedagog fr\u00e5n Sibelius-Akademin, samt diplomerad kammarmusiker fr\u00e5n Kungliga Musikh\u00f6gskolan i Stockholm. Hon har studerat k\u00f6r- och orkesterledning f\u00f6r bl.a. Timo Nuoranne och Jorma Panula. \u00c5ren 2010\u20132022 arbetade Westerlund som ledande kyrkomusiker i Korsholms svenska f\u00f6rsamling och som dirigent f\u00f6r&#8230;<\/p>\n","protected":false},"author":1,"featured_media":1520,"parent":4,"menu_order":1,"comment_status":"closed","ping_status":"closed","template":"","meta":{"content-type":"","footnotes":""},"class_list":["post-13","page","type-page","status-publish","has-post-thumbnail","hentry"],"jetpack_sharing_enabled":true,"jetpack_shortlink":"https:\/\/wp.me\/P2SXDM-d","jetpack_likes_enabled":true,"_links":{"self":[{"href":"https:\/\/www.bcanto.com\/wp\/index.php?rest_route=\/wp\/v2\/pages\/13","targetHints":{"allow":["GET"]}}],"collection":[{"href":"https:\/\/www.bcanto.com\/wp\/index.php?rest_route=\/wp\/v2\/pages"}],"about":[{"href":"https:\/\/www.bcanto.com\/wp\/index.php?rest_route=\/wp\/v2\/types\/page"}],"author":[{"embeddable":true,"href":"https:\/\/www.bcanto.com\/wp\/index.php?rest_route=\/wp\/v2\/users\/1"}],"replies":[{"embeddable":true,"href":"https:\/\/www.bcanto.com\/wp\/index.php?rest_route=%2Fwp%2Fv2%2Fcomments&post=13"}],"version-history":[{"count":43,"href":"https:\/\/www.bcanto.com\/wp\/index.php?rest_route=\/wp\/v2\/pages\/13\/revisions"}],"predecessor-version":[{"id":1624,"href":"https:\/\/www.bcanto.com\/wp\/index.php?rest_route=\/wp\/v2\/pages\/13\/revisions\/1624"}],"up":[{"embeddable":true,"href":"https:\/\/www.bcanto.com\/wp\/index.php?rest_route=\/wp\/v2\/pages\/4"}],"wp:featuredmedia":[{"embeddable":true,"href":"https:\/\/www.bcanto.com\/wp\/index.php?rest_route=\/wp\/v2\/media\/1520"}],"wp:attachment":[{"href":"https:\/\/www.bcanto.com\/wp\/index.php?rest_route=%2Fwp%2Fv2%2Fmedia&parent=13"}],"curies":[{"name":"wp","href":"https:\/\/api.w.org\/{rel}","templated":true}]}}