{"id":11,"date":"2012-11-10T18:52:02","date_gmt":"2012-11-10T17:52:02","guid":{"rendered":"http:\/\/www.bcanto.com\/wp\/?page_id=11"},"modified":"2024-09-17T22:02:47","modified_gmt":"2024-09-17T19:02:47","slug":"the-conductor","status":"publish","type":"page","link":"https:\/\/www.bcanto.com\/wp\/?page_id=11","title":{"rendered":"Conductor"},"content":{"rendered":"\n<h1 class=\"wp-block-heading has-text-align-center\">Susanne Westerlund<\/h1>\n\n\n<div class=\"wp-block-image\">\n<figure class=\"aligncenter size-full is-resized\"><a href=\"https:\/\/www.bcanto.com\/wp\/wp-content\/uploads\/2024\/09\/Susanne-Westerlund-2024-svartvit-2.jpg\"><img loading=\"lazy\" decoding=\"async\" width=\"805\" height=\"1126\" src=\"https:\/\/www.bcanto.com\/wp\/wp-content\/uploads\/2024\/09\/Susanne-Westerlund-2024-svartvit-2.jpg\" alt=\"\" class=\"wp-image-1635\" style=\"width:345px\" srcset=\"https:\/\/www.bcanto.com\/wp\/wp-content\/uploads\/2024\/09\/Susanne-Westerlund-2024-svartvit-2.jpg 805w, https:\/\/www.bcanto.com\/wp\/wp-content\/uploads\/2024\/09\/Susanne-Westerlund-2024-svartvit-2-214x300.jpg 214w, https:\/\/www.bcanto.com\/wp\/wp-content\/uploads\/2024\/09\/Susanne-Westerlund-2024-svartvit-2-732x1024.jpg 732w, https:\/\/www.bcanto.com\/wp\/wp-content\/uploads\/2024\/09\/Susanne-Westerlund-2024-svartvit-2-768x1074.jpg 768w\" sizes=\"auto, (max-width: 805px) 100vw, 805px\" \/><\/a><\/figure>\n<\/div>\n\n\n<p class=\"has-text-align-center\"><em>Photo: Ellen Westerlund.<\/em><\/p>\n\n\n\n<p class=\"has-white-color has-text-color\">.<\/p>\n\n\n\n<p>Susanne Westerlund has a master&#8217;s degree in church music, is a certified singer and vocal coach from the Sibelius Academy in Helsinki, as well as a certified chamber musician from Kungliga Musikh\u00f6gskolan (Royal College Of Music) in Stockholm. She has studied conducting for e.g. Timo Nuoranne and Jorma Panula.<br><\/p>\n\n\n\n<p>During 2010\u20132022, Westerlund worked as the leading church musician in Korsholm&#8217;s Swedish-speaking congregation and as the conductor for the chamber choir Psallite and Korsholm&#8217;s chamber orchestra. She has also been the conductor of V\u00e4stnyl\u00e4ndska kammark\u00f6ren (L\u00e4nsi-Uusimaa chamber choir).<br><\/p>\n\n\n\n<p>Nowadays, Westerlund lives in Jakobstad and works as a freelance musician alongside her job as a florist.<\/p>\n","protected":false},"excerpt":{"rendered":"<p>Susanne Westerlund Photo: Ellen Westerlund. . Susanne Westerlund has a master&#8217;s degree in church music, is a certified singer and vocal coach from the Sibelius Academy in Helsinki, as well as a certified chamber musician from Kungliga Musikh\u00f6gskolan (Royal College Of Music) in Stockholm. She has studied conducting for e.g. Timo Nuoranne and Jorma Panula&#8230;.<\/p>\n","protected":false},"author":1,"featured_media":1520,"parent":8,"menu_order":0,"comment_status":"open","ping_status":"open","template":"","meta":{"content-type":"","footnotes":""},"class_list":["post-11","page","type-page","status-publish","has-post-thumbnail","hentry"],"jetpack_sharing_enabled":true,"jetpack_shortlink":"https:\/\/wp.me\/P2SXDM-b","jetpack_likes_enabled":true,"_links":{"self":[{"href":"https:\/\/www.bcanto.com\/wp\/index.php?rest_route=\/wp\/v2\/pages\/11","targetHints":{"allow":["GET"]}}],"collection":[{"href":"https:\/\/www.bcanto.com\/wp\/index.php?rest_route=\/wp\/v2\/pages"}],"about":[{"href":"https:\/\/www.bcanto.com\/wp\/index.php?rest_route=\/wp\/v2\/types\/page"}],"author":[{"embeddable":true,"href":"https:\/\/www.bcanto.com\/wp\/index.php?rest_route=\/wp\/v2\/users\/1"}],"replies":[{"embeddable":true,"href":"https:\/\/www.bcanto.com\/wp\/index.php?rest_route=%2Fwp%2Fv2%2Fcomments&post=11"}],"version-history":[{"count":14,"href":"https:\/\/www.bcanto.com\/wp\/index.php?rest_route=\/wp\/v2\/pages\/11\/revisions"}],"predecessor-version":[{"id":1637,"href":"https:\/\/www.bcanto.com\/wp\/index.php?rest_route=\/wp\/v2\/pages\/11\/revisions\/1637"}],"up":[{"embeddable":true,"href":"https:\/\/www.bcanto.com\/wp\/index.php?rest_route=\/wp\/v2\/pages\/8"}],"wp:featuredmedia":[{"embeddable":true,"href":"https:\/\/www.bcanto.com\/wp\/index.php?rest_route=\/wp\/v2\/media\/1520"}],"wp:attachment":[{"href":"https:\/\/www.bcanto.com\/wp\/index.php?rest_route=%2Fwp%2Fv2%2Fmedia&parent=11"}],"curies":[{"name":"wp","href":"https:\/\/api.w.org\/{rel}","templated":true}]}}